{"id":1404,"date":"2024-04-23T19:23:34","date_gmt":"2024-04-23T22:23:34","guid":{"rendered":"https:\/\/tokenization.hst.com.br\/conozca-nuestras-soluciones\/"},"modified":"2024-09-10T15:27:33","modified_gmt":"2024-09-10T18:27:33","slug":"conozca-nuestras-soluciones","status":"publish","type":"page","link":"https:\/\/hst.com.br\/es\/conozca-nuestras-soluciones\/","title":{"rendered":"Conozca nuestras soluciones"},"content":{"rendered":"\n<div class=\"wp-block-columns is-layout-flex wp-container-core-columns-is-layout-1 wp-block-columns-is-layout-flex\">\n<div class=\"wp-block-column is-layout-flow wp-block-column-is-layout-flow\">\n<div class=\"wp-block-group is-layout-constrained wp-block-group-is-layout-constrained\"><\/div>\n\n\n\n<p>Durante m\u00e1s de 35 a\u00f1os, hemos implementado soluciones de pago para instituciones financieras y minoristas en toda Am\u00e9rica Latina. Nuestras soluciones, certificadas por las principales franquicias y protocolos de seguridad como EMVco y PCI, hacen que las transacciones electr\u00f3nicas sean m\u00e1s seguras y generan agilidad, facilidad y funcionalidad para las relaciones financieras.<\/p>\n<\/div>\n\n\n\n<div class=\"wp-block-column is-layout-flow wp-block-column-is-layout-flow\" style=\"flex-basis:200px\"><\/div>\n<\/div>\n","protected":false},"excerpt":{"rendered":"<p>Durante m\u00e1s de 35 a\u00f1os, hemos implementado soluciones de pago para instituciones financieras y minoristas en toda Am\u00e9rica Latina. Nuestras soluciones, certificadas por las principales franquicias y protocolos de seguridad como EMVco y PCI, hacen que las transacciones electr\u00f3nicas sean m\u00e1s seguras y generan agilidad, facilidad y funcionalidad para las relaciones financieras.<\/p>\n","protected":false},"author":1,"featured_media":2800,"parent":0,"menu_order":0,"comment_status":"closed","ping_status":"closed","template":"solutions.blade.php","meta":{"_acf_changed":false,"inline_featured_image":false,"footnotes":""},"class_list":["post-1404","page","type-page","status-publish","has-post-thumbnail","hentry"],"acf":[],"yoast_head":"<!-- This site is optimized with the Yoast SEO plugin v23.9 - https:\/\/yoast.com\/wordpress\/plugins\/seo\/ -->\n<title>Conozca nuestras soluciones - HST<\/title>\n<meta name=\"robots\" content=\"index, follow, max-snippet:-1, max-image-preview:large, max-video-preview:-1\" \/>\n<link rel=\"canonical\" href=\"https:\/\/hst.com.br\/es\/conozca-nuestras-soluciones\/\" \/>\n<meta property=\"og:locale\" content=\"es_ES\" \/>\n<meta property=\"og:type\" content=\"article\" \/>\n<meta property=\"og:title\" content=\"Conozca nuestras soluciones - HST\" \/>\n<meta property=\"og:description\" content=\"Durante m\u00e1s de 35 a\u00f1os, hemos implementado soluciones de pago para instituciones financieras y minoristas en toda Am\u00e9rica Latina. Nuestras soluciones, certificadas por las principales franquicias y protocolos de seguridad como EMVco y PCI, hacen que las transacciones electr\u00f3nicas sean m\u00e1s seguras y generan agilidad, facilidad y funcionalidad para las relaciones financieras.\" \/>\n<meta property=\"og:url\" content=\"https:\/\/hst.com.br\/es\/conozca-nuestras-soluciones\/\" \/>\n<meta property=\"og:site_name\" content=\"HST\" \/>\n<meta property=\"article:modified_time\" content=\"2024-09-10T18:27:33+00:00\" \/>\n<meta property=\"og:image\" content=\"https:\/\/hst.com.br\/wp-content\/uploads\/2024\/09\/payments-solutions.png\" \/>\n\t<meta property=\"og:image:width\" content=\"1440\" \/>\n\t<meta property=\"og:image:height\" content=\"420\" \/>\n\t<meta property=\"og:image:type\" content=\"image\/png\" \/>\n<meta name=\"twitter:card\" content=\"summary_large_image\" \/>\n<script type=\"application\/ld+json\" class=\"yoast-schema-graph\">{\"@context\":\"https:\/\/schema.org\",\"@graph\":[{\"@type\":\"WebPage\",\"@id\":\"https:\/\/hst.com.br\/es\/conozca-nuestras-soluciones\/\",\"url\":\"https:\/\/hst.com.br\/es\/conozca-nuestras-soluciones\/\",\"name\":\"Conozca nuestras soluciones - HST\",\"isPartOf\":{\"@id\":\"https:\/\/hst.com.br\/#website\"},\"primaryImageOfPage\":{\"@id\":\"https:\/\/hst.com.br\/es\/conozca-nuestras-soluciones\/#primaryimage\"},\"image\":{\"@id\":\"https:\/\/hst.com.br\/es\/conozca-nuestras-soluciones\/#primaryimage\"},\"thumbnailUrl\":\"https:\/\/i0.wp.com\/hst.com.br\/app\/uploads\/2024\/09\/payments-solutions.png?fit=1440%2C420&ssl=1\",\"datePublished\":\"2024-04-23T22:23:34+00:00\",\"dateModified\":\"2024-09-10T18:27:33+00:00\",\"breadcrumb\":{\"@id\":\"https:\/\/hst.com.br\/es\/conozca-nuestras-soluciones\/#breadcrumb\"},\"inLanguage\":\"es-ES\",\"potentialAction\":[{\"@type\":\"ReadAction\",\"target\":[\"https:\/\/hst.com.br\/es\/conozca-nuestras-soluciones\/\"]}]},{\"@type\":\"ImageObject\",\"inLanguage\":\"es-ES\",\"@id\":\"https:\/\/hst.com.br\/es\/conozca-nuestras-soluciones\/#primaryimage\",\"url\":\"https:\/\/i0.wp.com\/hst.com.br\/app\/uploads\/2024\/09\/payments-solutions.png?fit=1440%2C420&ssl=1\",\"contentUrl\":\"https:\/\/i0.wp.com\/hst.com.br\/app\/uploads\/2024\/09\/payments-solutions.png?fit=1440%2C420&ssl=1\",\"width\":1440,\"height\":420},{\"@type\":\"BreadcrumbList\",\"@id\":\"https:\/\/hst.com.br\/es\/conozca-nuestras-soluciones\/#breadcrumb\",\"itemListElement\":[{\"@type\":\"ListItem\",\"position\":1,\"name\":\"Home\",\"item\":\"https:\/\/hst.com.br\/es\/\"},{\"@type\":\"ListItem\",\"position\":2,\"name\":\"Conozca nuestras soluciones\"}]},{\"@type\":\"WebSite\",\"@id\":\"https:\/\/hst.com.br\/#website\",\"url\":\"https:\/\/hst.com.br\/\",\"name\":\"HST\",\"description\":\"\",\"potentialAction\":[{\"@type\":\"SearchAction\",\"target\":{\"@type\":\"EntryPoint\",\"urlTemplate\":\"https:\/\/hst.com.br\/?s={search_term_string}\"},\"query-input\":{\"@type\":\"PropertyValueSpecification\",\"valueRequired\":true,\"valueName\":\"search_term_string\"}}],\"inLanguage\":\"es-ES\"}]}<\/script>\n<!-- \/ Yoast SEO plugin. -->","yoast_head_json":{"title":"Conozca nuestras soluciones - HST","robots":{"index":"index","follow":"follow","max-snippet":"max-snippet:-1","max-image-preview":"max-image-preview:large","max-video-preview":"max-video-preview:-1"},"canonical":"https:\/\/hst.com.br\/es\/conozca-nuestras-soluciones\/","og_locale":"es_ES","og_type":"article","og_title":"Conozca nuestras soluciones - HST","og_description":"Durante m\u00e1s de 35 a\u00f1os, hemos implementado soluciones de pago para instituciones financieras y minoristas en toda Am\u00e9rica Latina. Nuestras soluciones, certificadas por las principales franquicias y protocolos de seguridad como EMVco y PCI, hacen que las transacciones electr\u00f3nicas sean m\u00e1s seguras y generan agilidad, facilidad y funcionalidad para las relaciones financieras.","og_url":"https:\/\/hst.com.br\/es\/conozca-nuestras-soluciones\/","og_site_name":"HST","article_modified_time":"2024-09-10T18:27:33+00:00","og_image":[{"width":1440,"height":420,"url":"https:\/\/hst.com.br\/wp-content\/uploads\/2024\/09\/payments-solutions.png","type":"image\/png"}],"twitter_card":"summary_large_image","schema":{"@context":"https:\/\/schema.org","@graph":[{"@type":"WebPage","@id":"https:\/\/hst.com.br\/es\/conozca-nuestras-soluciones\/","url":"https:\/\/hst.com.br\/es\/conozca-nuestras-soluciones\/","name":"Conozca nuestras soluciones - HST","isPartOf":{"@id":"https:\/\/hst.com.br\/#website"},"primaryImageOfPage":{"@id":"https:\/\/hst.com.br\/es\/conozca-nuestras-soluciones\/#primaryimage"},"image":{"@id":"https:\/\/hst.com.br\/es\/conozca-nuestras-soluciones\/#primaryimage"},"thumbnailUrl":"https:\/\/i0.wp.com\/hst.com.br\/app\/uploads\/2024\/09\/payments-solutions.png?fit=1440%2C420&ssl=1","datePublished":"2024-04-23T22:23:34+00:00","dateModified":"2024-09-10T18:27:33+00:00","breadcrumb":{"@id":"https:\/\/hst.com.br\/es\/conozca-nuestras-soluciones\/#breadcrumb"},"inLanguage":"es-ES","potentialAction":[{"@type":"ReadAction","target":["https:\/\/hst.com.br\/es\/conozca-nuestras-soluciones\/"]}]},{"@type":"ImageObject","inLanguage":"es-ES","@id":"https:\/\/hst.com.br\/es\/conozca-nuestras-soluciones\/#primaryimage","url":"https:\/\/i0.wp.com\/hst.com.br\/app\/uploads\/2024\/09\/payments-solutions.png?fit=1440%2C420&ssl=1","contentUrl":"https:\/\/i0.wp.com\/hst.com.br\/app\/uploads\/2024\/09\/payments-solutions.png?fit=1440%2C420&ssl=1","width":1440,"height":420},{"@type":"BreadcrumbList","@id":"https:\/\/hst.com.br\/es\/conozca-nuestras-soluciones\/#breadcrumb","itemListElement":[{"@type":"ListItem","position":1,"name":"Home","item":"https:\/\/hst.com.br\/es\/"},{"@type":"ListItem","position":2,"name":"Conozca nuestras soluciones"}]},{"@type":"WebSite","@id":"https:\/\/hst.com.br\/#website","url":"https:\/\/hst.com.br\/","name":"HST","description":"","potentialAction":[{"@type":"SearchAction","target":{"@type":"EntryPoint","urlTemplate":"https:\/\/hst.com.br\/?s={search_term_string}"},"query-input":{"@type":"PropertyValueSpecification","valueRequired":true,"valueName":"search_term_string"}}],"inLanguage":"es-ES"}]}},"_links":{"self":[{"href":"https:\/\/hst.com.br\/es\/wp-json\/wp\/v2\/pages\/1404","targetHints":{"allow":["GET"]}}],"collection":[{"href":"https:\/\/hst.com.br\/es\/wp-json\/wp\/v2\/pages"}],"about":[{"href":"https:\/\/hst.com.br\/es\/wp-json\/wp\/v2\/types\/page"}],"author":[{"embeddable":true,"href":"https:\/\/hst.com.br\/es\/wp-json\/wp\/v2\/users\/1"}],"replies":[{"embeddable":true,"href":"https:\/\/hst.com.br\/es\/wp-json\/wp\/v2\/comments?post=1404"}],"version-history":[{"count":5,"href":"https:\/\/hst.com.br\/es\/wp-json\/wp\/v2\/pages\/1404\/revisions"}],"predecessor-version":[{"id":2851,"href":"https:\/\/hst.com.br\/es\/wp-json\/wp\/v2\/pages\/1404\/revisions\/2851"}],"wp:featuredmedia":[{"embeddable":true,"href":"https:\/\/hst.com.br\/es\/wp-json\/wp\/v2\/media\/2800"}],"wp:attachment":[{"href":"https:\/\/hst.com.br\/es\/wp-json\/wp\/v2\/media?parent=1404"}],"curies":[{"name":"wp","href":"https:\/\/api.w.org\/{rel}","templated":true}]}}