{"id":3043,"date":"2024-08-29T18:33:49","date_gmt":"2024-08-29T21:33:49","guid":{"rendered":"https:\/\/dev.hst.com.br\/informe-sobre-la-igualdad-salarial\/"},"modified":"2026-03-23T15:37:58","modified_gmt":"2026-03-23T18:37:58","slug":"informe-sobre-la-igualdad-salarial","status":"publish","type":"page","link":"https:\/\/hst.com.br\/es\/informe-sobre-la-igualdad-salarial\/","title":{"rendered":"Informe sobre la igualdad salarial"},"content":{"rendered":"\n<p>El Informe de Transparencia e Igualdad Salarial sirve como herramienta de seguimiento para combatir la desigualdad en el lugar de trabajo.\nProporciona informaci\u00f3n anonimizada que permite el an\u00e1lisis comparativo de los salarios, las compensaciones y la distribuci\u00f3n de los puestos de liderazgo, direcci\u00f3n y supervisi\u00f3n entre hombres y mujeres. <\/p>\n\n\n\n<a href=\"https:\/\/hst.com.br\/app\/uploads\/2026\/03\/0321-Relatorio-igualdade-01-2026.pdf\" class=\"button is-primary\" target=\"_blank\" rel=\"noopener noreferrer\">Accede<\/a>\n\n\n\n<p><\/p>\n","protected":false},"excerpt":{"rendered":"<p>El Informe de Transparencia e Igualdad Salarial sirve como herramienta de seguimiento para combatir la desigualdad en el lugar de trabajo. Proporciona informaci\u00f3n anonimizada que permite el an\u00e1lisis comparativo de los salarios, las compensaciones y la distribuci\u00f3n de los puestos de liderazgo, direcci\u00f3n y supervisi\u00f3n entre hombres y mujeres. Accede<\/p>\n","protected":false},"author":1,"featured_media":0,"parent":0,"menu_order":0,"comment_status":"closed","ping_status":"closed","template":"","meta":{"_acf_changed":false,"inline_featured_image":false,"footnotes":""},"class_list":["post-3043","page","type-page","status-publish","hentry"],"acf":[],"yoast_head":"<!-- This site is optimized with the Yoast SEO plugin v23.9 - https:\/\/yoast.com\/wordpress\/plugins\/seo\/ -->\n<title>Informe sobre la igualdad salarial - HST<\/title>\n<meta name=\"robots\" content=\"index, follow, max-snippet:-1, max-image-preview:large, max-video-preview:-1\" \/>\n<link rel=\"canonical\" href=\"https:\/\/hst.com.br\/es\/informe-sobre-la-igualdad-salarial\/\" \/>\n<meta property=\"og:locale\" content=\"es_ES\" \/>\n<meta property=\"og:type\" content=\"article\" \/>\n<meta property=\"og:title\" content=\"Informe sobre la igualdad salarial - HST\" \/>\n<meta property=\"og:description\" content=\"El Informe de Transparencia e Igualdad Salarial sirve como herramienta de seguimiento para combatir la desigualdad en el lugar de trabajo. Proporciona informaci\u00f3n anonimizada que permite el an\u00e1lisis comparativo de los salarios, las compensaciones y la distribuci\u00f3n de los puestos de liderazgo, direcci\u00f3n y supervisi\u00f3n entre hombres y mujeres. Accede\" \/>\n<meta property=\"og:url\" content=\"https:\/\/hst.com.br\/es\/informe-sobre-la-igualdad-salarial\/\" \/>\n<meta property=\"og:site_name\" content=\"HST\" \/>\n<meta property=\"article:modified_time\" content=\"2026-03-23T18:37:58+00:00\" \/>\n<meta name=\"twitter:card\" content=\"summary_large_image\" \/>\n<meta name=\"twitter:label1\" content=\"Est. reading time\" \/>\n\t<meta name=\"twitter:data1\" content=\"1 minute\" \/>\n<script type=\"application\/ld+json\" class=\"yoast-schema-graph\">{\"@context\":\"https:\/\/schema.org\",\"@graph\":[{\"@type\":\"WebPage\",\"@id\":\"https:\/\/hst.com.br\/es\/informe-sobre-la-igualdad-salarial\/\",\"url\":\"https:\/\/hst.com.br\/es\/informe-sobre-la-igualdad-salarial\/\",\"name\":\"Informe sobre la igualdad salarial - HST\",\"isPartOf\":{\"@id\":\"https:\/\/hst.com.br\/#website\"},\"datePublished\":\"2024-08-29T21:33:49+00:00\",\"dateModified\":\"2026-03-23T18:37:58+00:00\",\"breadcrumb\":{\"@id\":\"https:\/\/hst.com.br\/es\/informe-sobre-la-igualdad-salarial\/#breadcrumb\"},\"inLanguage\":\"es-ES\",\"potentialAction\":[{\"@type\":\"ReadAction\",\"target\":[\"https:\/\/hst.com.br\/es\/informe-sobre-la-igualdad-salarial\/\"]}]},{\"@type\":\"BreadcrumbList\",\"@id\":\"https:\/\/hst.com.br\/es\/informe-sobre-la-igualdad-salarial\/#breadcrumb\",\"itemListElement\":[{\"@type\":\"ListItem\",\"position\":1,\"name\":\"Home\",\"item\":\"https:\/\/hst.com.br\/es\/\"},{\"@type\":\"ListItem\",\"position\":2,\"name\":\"Informe sobre la igualdad salarial\"}]},{\"@type\":\"WebSite\",\"@id\":\"https:\/\/hst.com.br\/#website\",\"url\":\"https:\/\/hst.com.br\/\",\"name\":\"HST\",\"description\":\"\",\"potentialAction\":[{\"@type\":\"SearchAction\",\"target\":{\"@type\":\"EntryPoint\",\"urlTemplate\":\"https:\/\/hst.com.br\/?s={search_term_string}\"},\"query-input\":{\"@type\":\"PropertyValueSpecification\",\"valueRequired\":true,\"valueName\":\"search_term_string\"}}],\"inLanguage\":\"es-ES\"}]}<\/script>\n<!-- \/ Yoast SEO plugin. -->","yoast_head_json":{"title":"Informe sobre la igualdad salarial - HST","robots":{"index":"index","follow":"follow","max-snippet":"max-snippet:-1","max-image-preview":"max-image-preview:large","max-video-preview":"max-video-preview:-1"},"canonical":"https:\/\/hst.com.br\/es\/informe-sobre-la-igualdad-salarial\/","og_locale":"es_ES","og_type":"article","og_title":"Informe sobre la igualdad salarial - HST","og_description":"El Informe de Transparencia e Igualdad Salarial sirve como herramienta de seguimiento para combatir la desigualdad en el lugar de trabajo. Proporciona informaci\u00f3n anonimizada que permite el an\u00e1lisis comparativo de los salarios, las compensaciones y la distribuci\u00f3n de los puestos de liderazgo, direcci\u00f3n y supervisi\u00f3n entre hombres y mujeres. Accede","og_url":"https:\/\/hst.com.br\/es\/informe-sobre-la-igualdad-salarial\/","og_site_name":"HST","article_modified_time":"2026-03-23T18:37:58+00:00","twitter_card":"summary_large_image","twitter_misc":{"Est. reading time":"1 minute"},"schema":{"@context":"https:\/\/schema.org","@graph":[{"@type":"WebPage","@id":"https:\/\/hst.com.br\/es\/informe-sobre-la-igualdad-salarial\/","url":"https:\/\/hst.com.br\/es\/informe-sobre-la-igualdad-salarial\/","name":"Informe sobre la igualdad salarial - HST","isPartOf":{"@id":"https:\/\/hst.com.br\/#website"},"datePublished":"2024-08-29T21:33:49+00:00","dateModified":"2026-03-23T18:37:58+00:00","breadcrumb":{"@id":"https:\/\/hst.com.br\/es\/informe-sobre-la-igualdad-salarial\/#breadcrumb"},"inLanguage":"es-ES","potentialAction":[{"@type":"ReadAction","target":["https:\/\/hst.com.br\/es\/informe-sobre-la-igualdad-salarial\/"]}]},{"@type":"BreadcrumbList","@id":"https:\/\/hst.com.br\/es\/informe-sobre-la-igualdad-salarial\/#breadcrumb","itemListElement":[{"@type":"ListItem","position":1,"name":"Home","item":"https:\/\/hst.com.br\/es\/"},{"@type":"ListItem","position":2,"name":"Informe sobre la igualdad salarial"}]},{"@type":"WebSite","@id":"https:\/\/hst.com.br\/#website","url":"https:\/\/hst.com.br\/","name":"HST","description":"","potentialAction":[{"@type":"SearchAction","target":{"@type":"EntryPoint","urlTemplate":"https:\/\/hst.com.br\/?s={search_term_string}"},"query-input":{"@type":"PropertyValueSpecification","valueRequired":true,"valueName":"search_term_string"}}],"inLanguage":"es-ES"}]}},"_links":{"self":[{"href":"https:\/\/hst.com.br\/es\/wp-json\/wp\/v2\/pages\/3043","targetHints":{"allow":["GET"]}}],"collection":[{"href":"https:\/\/hst.com.br\/es\/wp-json\/wp\/v2\/pages"}],"about":[{"href":"https:\/\/hst.com.br\/es\/wp-json\/wp\/v2\/types\/page"}],"author":[{"embeddable":true,"href":"https:\/\/hst.com.br\/es\/wp-json\/wp\/v2\/users\/1"}],"replies":[{"embeddable":true,"href":"https:\/\/hst.com.br\/es\/wp-json\/wp\/v2\/comments?post=3043"}],"version-history":[{"count":10,"href":"https:\/\/hst.com.br\/es\/wp-json\/wp\/v2\/pages\/3043\/revisions"}],"predecessor-version":[{"id":5305,"href":"https:\/\/hst.com.br\/es\/wp-json\/wp\/v2\/pages\/3043\/revisions\/5305"}],"wp:attachment":[{"href":"https:\/\/hst.com.br\/es\/wp-json\/wp\/v2\/media?parent=3043"}],"curies":[{"name":"wp","href":"https:\/\/api.w.org\/{rel}","templated":true}]}}