{"id":3066,"date":"2024-09-17T16:06:12","date_gmt":"2024-09-17T19:06:12","guid":{"rendered":"https:\/\/dev.hst.com.br\/privacy-policy\/"},"modified":"2025-01-24T16:29:48","modified_gmt":"2025-01-24T19:29:48","slug":"politica-de-privacidad","status":"publish","type":"page","link":"https:\/\/hst.com.br\/es\/politica-de-privacidad\/","title":{"rendered":"Pol\u00edtica de privacidad"},"content":{"rendered":"\n<p><strong>Almacenamiento de datos y cookies<\/strong><\/p>\n\n\n\n<h2 class=\"wp-block-heading\"><strong>Introducci\u00f3n<\/strong><\/h2>\n\n\n\n<p>Con el consentimiento del usuario que accede a la informaci\u00f3n en el sitio web de HST, y de acuerdo con nuestras pol\u00edticas de privacidad, recopilamos datos personales de estos usuarios a trav\u00e9s de los formularios que los usuarios completan en el sitio web. Los datos solicitados por HST est\u00e1n destinados a conocer nuevos socios comerciales de HST, o clientes potenciales, o incluso seleccionar curr\u00edculums para contratar profesionales que est\u00e9n interesados \u200b\u200ben puestos vacantes ofrecidos por HST.<\/p>\n\n\n\n<p><strong>\u00bfPor qu\u00e9 recopilamos los datos?<\/strong><\/p>\n\n\n\n<p>Para que un usuario descargue una presentaci\u00f3n resumida de las soluciones de HST, hemos creado formularios que recopilan la informaci\u00f3n personal de los usuarios, tal como: nombre, correo electr\u00f3nico, material al que se accede e idioma. Esto se hace para que podamos enviar otros boletines informativos sobre soluciones de HST y, finalmente, establecer relaciones comerciales.<\/p>\n\n\n\n<p><strong>\u00bfD\u00f3nde se almacenan los datos?<\/strong><\/p>\n\n\n\n<p>Los datos recopilados se almacenan por tiempo indefinido en la plataforma registrada por la empresa The Rocket Science Group (\u201cMailchimp\u201d), con sede en los EE.UU, y esto cumple con el Reglamento General de Protecci\u00f3n de Datos (GDPR) y dem\u00e1s legislaci\u00f3n aplicable al tratamiento de datos personales. El Mailchimp se basa en seguridad en l\u00ednea a trav\u00e9s de criptograf\u00eda TLS y fuera de l\u00ednea, con centros de datos seguros las 24 horas del d\u00eda, los 7 d\u00edas de la semana, y biometr\u00eda y acceso restringido solo a empleados autorizados como se describe en la pol\u00edtica de seguridad publicada en el siguiente sitio web: https:\/\/mailchimp.com\/about\/security\/#Data_Center_Security<\/p>\n\n\n\n<p>Si desea eliminar su registro de nuestra base de datos, simplemente env\u00ede un mensaje de correo electr\u00f3nico a: contato@hst.com.br o seleccione la opci\u00f3n \u201cdarse de baja\u201d (unsubscribe) en uno de los mensajes enviados. Todos los contactos realizados a trav\u00e9s de m\u00e1rketing por correo electr\u00f3nico tienen un campo en la parte inferior del mensaje para que pueda realizar esta solicitud f\u00e1cilmente.<\/p>\n\n\n\n<p>Como controladores de datos, restringimos el acceso solo a empleados y socios comerciales que puedan contactarlo para proponer o comunicar informaci\u00f3n adicional sobre productos y servicios de manera personalizada.<\/p>\n\n\n\n<p><strong>\u00bfQu\u00e9 hacemos con los datos recopilados a trav\u00e9s de la opci\u00f3n de enviar curr\u00edculums y acceder a puestos vacantes en HST?<\/strong><\/p>\n\n\n\n<p>Creamos formularios para el env\u00edo de curr\u00edculums a personas que deseen participar en el proceso de selecci\u00f3n de HST. Antes de enviar cualquier dato o documento, la persona debe estar de acuerdo con la pol\u00edtica de privacidad del sitio web. Los datos enviados nos permiten comunicarnos con usted con respecto a las oportunidades de trabajo de acuerdo con su solicitud.<\/p>\n\n\n\n<p>Los curr\u00edculums se almacenan a trav\u00e9s de la plataforma desarrollada por Saturday Drive INC (\u201cNinja Forms\u201d) con sede en EE. UU., que cumple con el Reglamento General de Protecci\u00f3n de Datos (GDPR) y la Ley de la Comisi\u00f3n Federal de Comercio (FTCA) y que act\u00faan como procesadores de estos datos. Recopilamos el puesto de inter\u00e9s, nombre, apellido, correo electr\u00f3nico, n\u00famero de tel\u00e9fono, URL de LinkedIn y curr\u00edculum.<\/p>\n\n\n\n<p>Ninja Forms cuenta con tecnolog\u00eda de criptograf\u00eda SSL y revisa constantemente la informaci\u00f3n en l\u00ednea y fuera de l\u00ednea, con acceso restringido a la informaci\u00f3n solo para empleados y agentes capacitados, como se describe en el siguiente sitio web: https:\/\/ninjaforms.com\/privacy-policy\/<\/p>\n\n\n\n<p>Como controladores de datos, restringimos el acceso a los datos personales de los curr\u00edculos solo a los empleados y socios comerciales que necesitan acceso para comunicar informaci\u00f3n sobre el proceso de selecci\u00f3n y las posibilidades de puestos vacantes espec\u00edficos relacionados con el registro del usuario.<\/p>\n\n\n\n<p><strong>\u00bfC\u00f3mo utiliza HST las cookies?<\/strong><\/p>\n\n\n\n<p>Usamos cookies, que recopilan informaci\u00f3n de navegaci\u00f3n del navegador sobre los usuarios, solo como indicadores, y as\u00ed podemos mejorar continuamente la experiencia de la persona que accede al sitio web y agilizar la b\u00fasqueda de informaci\u00f3n de manera m\u00e1s r\u00e1pida y eficiente. No obtenemos acceso a datos personales con las cookies.<\/p>\n\n\n\n<p>Recopilamos conjuntos de datos para reconocer y analizar comportamientos de usabilidad, uso de dispositivos (m\u00f3vil, tableta y computadora) y realizar campa\u00f1as publicitarias personalizadas.<\/p>\n\n\n\n<h2 class=\"wp-block-heading\"><strong>\u00bfC\u00f3mo funciona la visualizaci\u00f3n de contenido externo?<\/strong><\/h2>\n\n\n\n<p><strong>Visualizaci\u00f3n de contenido de herramientas externas<\/strong><\/p>\n\n\n\n<p>Usamos en nuestro sitio web herramientas de Youtube, desarrolladas por Google, Inc. (\u201cGoogle\u201d), en las que la informaci\u00f3n se maneja en los EE.UU. La funcionalidad explotada a trav\u00e9s de esta herramienta permite la visualizaci\u00f3n de videos en nuestro sitio web. Es un widget de video que le permite transmitir videos publicados en Youtube en este sitio web.<\/p>\n\n\n\n<p>Puede leer los t\u00e9rminos de privacidad y seguridad de los datos en el siguiente enlace: https:\/\/policies.google.com\/privacy?hl=es-419<\/p>\n\n\n\n<p><strong>Manejo de tags<\/strong><\/p>\n\n\n\n<p>Hacemos uso de Google Tag Manager, la herramienta de instalaci\u00f3n de tags y scripts de Google, Inc. (\u201cGoogle\u201d), con sede y procesamiento de datos en los EE.UU. La herramienta facilita el manejo centralizado de la informaci\u00f3n sobre el comportamiento del usuario y permite un an\u00e1lisis personalizado de los datos de nuestro sitio web.<\/p>\n\n\n\n<p>Puede leer los t\u00e9rminos de recopilaci\u00f3n de datos, seguridad y privacidad en el siguiente enlace: https:\/\/policies.google.com\/privacy?hl=es-419<\/p>\n\n\n\n<p><strong>Idioma de acceso<\/strong><\/p>\n\n\n\n<p>Utilizamos en nuestro sitio web el plugin WPML para traducci\u00f3n de contenido, desarrollado por OnTheGoSystems, con sede en Hong Kong, con manejo de datos que cumple con el Reglamento General de Protecci\u00f3n de Datos (GDPR) y cuenta con seguridad SSL, HTTPS y limpieza frecuente de datos personales en la base de datos.<\/p>\n\n\n\n<p>La herramienta permite que el navegador del usuario registre una cookie para el idioma en el que se mostr\u00f3 el sitio web durante la visita.<\/p>\n\n\n\n<p>Para obtener m\u00e1s informaci\u00f3n, consulte la pol\u00edtica de datos y privacidad en el siguiente enlace: https:\/\/wpml.org\/documentation\/privacy-policy-and-gdpr-compliance\/#data-collected-by-the-wpml-plugin-and-add-ons-you-use<\/p>\n\n\n\n<h2 class=\"wp-block-heading\"><strong>Cookies para el an\u00e1lisis del comportamiento de la navegaci\u00f3n<\/strong><\/h2>\n\n\n\n<p><strong>Google Analytics<\/strong><\/p>\n\n\n\n<p>Usamos en nuestro sitio web la herramienta de an\u00e1lisis web de Google, Inc. (\u201cGoogle\u201d) llamada Google Analytics, para identificar solo informaci\u00f3n estad\u00edstica en conjuntos de datos e informes, que no contienen informaci\u00f3n personal individual.<\/p>\n\n\n\n<p>Identificamos los or\u00edgenes que llevaron a los usuarios al sitio web, los dispositivos que realizaron los accesos, si es una visita de un nuevo usuario o alguien que haya tenido acceso al mismo antes, as\u00ed como los tiempos de acceso, p\u00e1ginas visitadas, comportamientos de visualizaci\u00f3n, clics, geolocalizaci\u00f3n y direcci\u00f3n IP.<\/p>\n\n\n\n<p>A trav\u00e9s de su navegador, puede instalar y ocultar las funciones de Google Analytics en el enlace: https:\/\/tools.google.com\/dlpage\/gaoptout\/?hl=es<\/p>\n\n\n\n<h2 class=\"wp-block-heading\"><strong>Las cookies publicitarias se utilizan de la siguiente manera:<\/strong><\/h2>\n\n\n\n<p><strong>Google Analytics y Google Ads \u2013 Exhibici\u00f3n de publicidad<\/strong><\/p>\n\n\n\n<p>Google, Inc. (\u201cGoogle\u201d), a trav\u00e9s de sus propias cookies de Google Analytics y de terceros, Double Click, permite la vinculaci\u00f3n de publicidad personalizada en otros sitios web y plataformas, seg\u00fan el acceso que el usuario haya realizado en nuestro sitio web. Tal pr\u00e1ctica muy com\u00fan se conoce como \u201crem\u00e1rketing\u201d.<\/p>\n\n\n\n<p>Tales cookies tambi\u00e9n pueden recopilar informaci\u00f3n sobre el comportamiento y los intereses de los usuarios de otros sitios web, para habilitar anuncios de nosotros y de terceros que tambi\u00e9n utilizan estas herramientas. Para obtener m\u00e1s informaci\u00f3n sobre c\u00f3mo Google puede usar su informaci\u00f3n, visite la pol\u00edtica de privacidad en el enlace: https:\/\/policies.google.com\/privacy?hl=es-419<\/p>\n\n\n\n<p><strong>Facebook \u2013 Exhibici\u00f3n de publicidad<\/strong><\/p>\n\n\n\n<p>Facebook, Inc. (\u201cFacebook\u201d) permite publicidad dirigida y personalizada mediante el uso de cookies, seg\u00fan los intereses y comportamiento de los usuarios.<\/p>\n\n\n\n<p>Utilizamos la herramienta de Facebook para analizar accesos, conversiones y anuncios de rem\u00e1rketing, con anuncios de acuerdo con el comportamiento de los usuarios dentro de nuestro sitio web.<\/p>\n\n\n\n<p>Para obtener m\u00e1s informaci\u00f3n sobre como Facebook puede utilizar sus datos mediante el uso de su plataforma, acceda a la pol\u00edtica de privacidad de Facebook en el siguiente enlace: https:\/\/es-la.facebook.com\/about\/privacy\/<\/p>\n\n\n\n<p><strong>LinkedIn \u2013 Exhibici\u00f3n de publicidad<\/strong><\/p>\n\n\n\n<p>LinkedIn Corporation (\u201cLinkedIn\u201d) permite publicidad dirigida y personalizada mediante el uso de cookies, seg\u00fan los intereses y comportamiento de los usuarios.<\/p>\n\n\n\n<p>Usamos la herramienta de LinkedIn con el prop\u00f3sito de analizar visitas, conversiones y anuncios de rem\u00e1rketing, con anuncios basados \u200b\u200ben el comportamiento de los usuarios dentro de nuestro sitio web.<\/p>\n\n\n\n<p>Para obtener m\u00e1s informaci\u00f3n sobre como LinkedIn puede utilizar sus datos mediante el uso de su plataforma, acceda a la pol\u00edtica de privacidad de LinkedIn en el siguiente enlace: https:\/\/es.linkedin.com\/legal\/privacy-policy?_l=es<\/p>\n\n\n\n<h2 class=\"wp-block-heading\"><strong>Ley aplicable y resoluci\u00f3n de conflictos<\/strong><\/h2>\n\n\n\n<p>Todas y cada una de las disputas que surjan de los t\u00e9rminos establecidos en esta Pol\u00edtica de Privacidad se resolver\u00e1n de acuerdo con la Ley General de Protecci\u00f3n de Datos Personales (LGPD) de Brasil, siendo competentes los tribunales de la ciudad de S\u00e3o Paulo, de la jurisdicci\u00f3n de la capital del estado de S\u00e3o Paulo, excluyendo cualquier otro, por privilegiado que sea.<\/p>\n\n\n\n<p><strong>Extensi\u00f3n de los efectos<\/strong><\/p>\n\n\n\n<p>Los t\u00e9rminos de la Pol\u00edtica de Privacidad establecidos en este documento se aplicar\u00e1n exclusivamente a la informaci\u00f3n personal, como se define anteriormente, que puede estar disponible en el sitio web de HST.<\/p>\n\n\n\n<p>En consecuencia, la Pol\u00edtica de Privacidad establecida en este documento no se aplicar\u00e1 a ning\u00fan otro servicio proporcionado por HST.<\/p>\n\n\n\n<h2 class=\"wp-block-heading\"><strong>Informaci\u00f3n sobre sus derechos<\/strong><\/h2>\n\n\n\n<p><strong>Los siguientes derechos est\u00e1n disponibles para usted en virtud de la legislaci\u00f3n brasile\u00f1a sobre privacidad de datos:<\/strong><\/p>\n\n\n\n<ul class=\"wp-block-list\">\n<li>Derecho a la informaci\u00f3n sobre sus datos personales almacenados por nosotros;<\/li>\n\n\n\n<li>Derecho a solicitar la correcci\u00f3n, eliminaci\u00f3n o procesamiento restringido de sus datos personales;<\/li>\n\n\n\n<li>Derecho a la portabilidad de sus datos;<\/li>\n\n\n\n<li>Derecho a revocar su consentimiento para la recopilaci\u00f3n, procesamiento y uso de sus datos personales, en cualquier momento y con efecto futuro.<\/li>\n<\/ul>\n\n\n\n<p>Si desea ejercer sus derechos, env\u00ede su solicitud al contacto u oficina de protecci\u00f3n de datos de la empresa que se indica a continuaci\u00f3n.<\/p>\n\n\n\n<h2 class=\"wp-block-heading\"><strong>Contacto<\/strong><\/h2>\n\n\n\n<p>Para cualquier pregunta que pueda tener con respecto a la privacidad de los datos personales, comun\u00edquese con el Oficial de Privacidad de Datos de la empresa directamente en la siguiente direcci\u00f3n:<\/p>\n\n\n\n<h4 class=\"wp-block-heading\">Data Privacy Officer<\/h4>\n\n\n\n<p>DPO: Marcelo Rodrigues<br>HST Card Technology \u2013 Desenv. Sistemas Ltda<\/p>\n\n\n\n<p>Rua Lions Club, 44<br>CEP: 13073-030<\/p>\n\n\n\n<p>CEP 04779-900 \u2013 Campinas \u2013 S\u00e3o Paulo, Brasil<\/p>\n\n\n\n<p>compliance@hst.com.br<\/p>\n","protected":false},"excerpt":{"rendered":"<p>Almacenamiento de datos y cookies Introducci\u00f3n Con el consentimiento del usuario que accede a la informaci\u00f3n en el sitio web de HST, y de acuerdo con nuestras pol\u00edticas de privacidad, recopilamos datos personales de estos usuarios a trav\u00e9s de los formularios que los usuarios completan en el sitio web. Los datos solicitados por HST est\u00e1n &hellip; <a href=\"https:\/\/hst.com.br\/es\/politica-de-privacidad\/\">Continued<\/a><\/p>\n","protected":false},"author":2,"featured_media":0,"parent":0,"menu_order":0,"comment_status":"closed","ping_status":"closed","template":"","meta":{"_acf_changed":false,"inline_featured_image":false,"footnotes":""},"class_list":["post-3066","page","type-page","status-publish","hentry"],"acf":[],"yoast_head":"<!-- This site is optimized with the Yoast SEO plugin v23.9 - https:\/\/yoast.com\/wordpress\/plugins\/seo\/ -->\n<title>Pol\u00edtica de privacidad - HST<\/title>\n<meta name=\"robots\" content=\"index, follow, max-snippet:-1, max-image-preview:large, max-video-preview:-1\" \/>\n<link rel=\"canonical\" href=\"https:\/\/hst.com.br\/es\/politica-de-privacidad\/\" \/>\n<meta property=\"og:locale\" content=\"es_ES\" \/>\n<meta property=\"og:type\" content=\"article\" \/>\n<meta property=\"og:title\" content=\"Pol\u00edtica de privacidad - HST\" \/>\n<meta property=\"og:description\" content=\"Almacenamiento de datos y cookies Introducci\u00f3n Con el consentimiento del usuario que accede a la informaci\u00f3n en el sitio web de HST, y de acuerdo con nuestras pol\u00edticas de privacidad, recopilamos datos personales de estos usuarios a trav\u00e9s de los formularios que los usuarios completan en el sitio web. Los datos solicitados por HST est\u00e1n &hellip; Continued\" \/>\n<meta property=\"og:url\" content=\"https:\/\/hst.com.br\/es\/politica-de-privacidad\/\" \/>\n<meta property=\"og:site_name\" content=\"HST\" \/>\n<meta property=\"article:modified_time\" content=\"2025-01-24T19:29:48+00:00\" \/>\n<meta name=\"twitter:card\" content=\"summary_large_image\" \/>\n<meta name=\"twitter:label1\" content=\"Est. reading time\" \/>\n\t<meta name=\"twitter:data1\" content=\"7 minutes\" \/>\n<script type=\"application\/ld+json\" class=\"yoast-schema-graph\">{\"@context\":\"https:\/\/schema.org\",\"@graph\":[{\"@type\":\"WebPage\",\"@id\":\"https:\/\/hst.com.br\/es\/politica-de-privacidad\/\",\"url\":\"https:\/\/hst.com.br\/es\/politica-de-privacidad\/\",\"name\":\"Pol\u00edtica de privacidad - HST\",\"isPartOf\":{\"@id\":\"https:\/\/hst.com.br\/#website\"},\"datePublished\":\"2024-09-17T19:06:12+00:00\",\"dateModified\":\"2025-01-24T19:29:48+00:00\",\"breadcrumb\":{\"@id\":\"https:\/\/hst.com.br\/es\/politica-de-privacidad\/#breadcrumb\"},\"inLanguage\":\"es-ES\",\"potentialAction\":[{\"@type\":\"ReadAction\",\"target\":[\"https:\/\/hst.com.br\/es\/politica-de-privacidad\/\"]}]},{\"@type\":\"BreadcrumbList\",\"@id\":\"https:\/\/hst.com.br\/es\/politica-de-privacidad\/#breadcrumb\",\"itemListElement\":[{\"@type\":\"ListItem\",\"position\":1,\"name\":\"Home\",\"item\":\"https:\/\/hst.com.br\/es\/\"},{\"@type\":\"ListItem\",\"position\":2,\"name\":\"Pol\u00edtica de privacidad\"}]},{\"@type\":\"WebSite\",\"@id\":\"https:\/\/hst.com.br\/#website\",\"url\":\"https:\/\/hst.com.br\/\",\"name\":\"HST\",\"description\":\"\",\"potentialAction\":[{\"@type\":\"SearchAction\",\"target\":{\"@type\":\"EntryPoint\",\"urlTemplate\":\"https:\/\/hst.com.br\/?s={search_term_string}\"},\"query-input\":{\"@type\":\"PropertyValueSpecification\",\"valueRequired\":true,\"valueName\":\"search_term_string\"}}],\"inLanguage\":\"es-ES\"}]}<\/script>\n<!-- \/ Yoast SEO plugin. -->","yoast_head_json":{"title":"Pol\u00edtica de privacidad - HST","robots":{"index":"index","follow":"follow","max-snippet":"max-snippet:-1","max-image-preview":"max-image-preview:large","max-video-preview":"max-video-preview:-1"},"canonical":"https:\/\/hst.com.br\/es\/politica-de-privacidad\/","og_locale":"es_ES","og_type":"article","og_title":"Pol\u00edtica de privacidad - HST","og_description":"Almacenamiento de datos y cookies Introducci\u00f3n Con el consentimiento del usuario que accede a la informaci\u00f3n en el sitio web de HST, y de acuerdo con nuestras pol\u00edticas de privacidad, recopilamos datos personales de estos usuarios a trav\u00e9s de los formularios que los usuarios completan en el sitio web. Los datos solicitados por HST est\u00e1n &hellip; Continued","og_url":"https:\/\/hst.com.br\/es\/politica-de-privacidad\/","og_site_name":"HST","article_modified_time":"2025-01-24T19:29:48+00:00","twitter_card":"summary_large_image","twitter_misc":{"Est. reading time":"7 minutes"},"schema":{"@context":"https:\/\/schema.org","@graph":[{"@type":"WebPage","@id":"https:\/\/hst.com.br\/es\/politica-de-privacidad\/","url":"https:\/\/hst.com.br\/es\/politica-de-privacidad\/","name":"Pol\u00edtica de privacidad - HST","isPartOf":{"@id":"https:\/\/hst.com.br\/#website"},"datePublished":"2024-09-17T19:06:12+00:00","dateModified":"2025-01-24T19:29:48+00:00","breadcrumb":{"@id":"https:\/\/hst.com.br\/es\/politica-de-privacidad\/#breadcrumb"},"inLanguage":"es-ES","potentialAction":[{"@type":"ReadAction","target":["https:\/\/hst.com.br\/es\/politica-de-privacidad\/"]}]},{"@type":"BreadcrumbList","@id":"https:\/\/hst.com.br\/es\/politica-de-privacidad\/#breadcrumb","itemListElement":[{"@type":"ListItem","position":1,"name":"Home","item":"https:\/\/hst.com.br\/es\/"},{"@type":"ListItem","position":2,"name":"Pol\u00edtica de privacidad"}]},{"@type":"WebSite","@id":"https:\/\/hst.com.br\/#website","url":"https:\/\/hst.com.br\/","name":"HST","description":"","potentialAction":[{"@type":"SearchAction","target":{"@type":"EntryPoint","urlTemplate":"https:\/\/hst.com.br\/?s={search_term_string}"},"query-input":{"@type":"PropertyValueSpecification","valueRequired":true,"valueName":"search_term_string"}}],"inLanguage":"es-ES"}]}},"_links":{"self":[{"href":"https:\/\/hst.com.br\/es\/wp-json\/wp\/v2\/pages\/3066","targetHints":{"allow":["GET"]}}],"collection":[{"href":"https:\/\/hst.com.br\/es\/wp-json\/wp\/v2\/pages"}],"about":[{"href":"https:\/\/hst.com.br\/es\/wp-json\/wp\/v2\/types\/page"}],"author":[{"embeddable":true,"href":"https:\/\/hst.com.br\/es\/wp-json\/wp\/v2\/users\/2"}],"replies":[{"embeddable":true,"href":"https:\/\/hst.com.br\/es\/wp-json\/wp\/v2\/comments?post=3066"}],"version-history":[{"count":3,"href":"https:\/\/hst.com.br\/es\/wp-json\/wp\/v2\/pages\/3066\/revisions"}],"predecessor-version":[{"id":3747,"href":"https:\/\/hst.com.br\/es\/wp-json\/wp\/v2\/pages\/3066\/revisions\/3747"}],"wp:attachment":[{"href":"https:\/\/hst.com.br\/es\/wp-json\/wp\/v2\/media?parent=3066"}],"curies":[{"name":"wp","href":"https:\/\/api.w.org\/{rel}","templated":true}]}}