{"id":1406,"date":"2024-04-23T19:23:34","date_gmt":"2024-04-23T22:23:34","guid":{"rendered":"https:\/\/tokenization.hst.com.br\/conheca-nossas-solucoes\/"},"modified":"2024-09-12T10:33:35","modified_gmt":"2024-09-12T13:33:35","slug":"conheca-nossas-solucoes","status":"publish","type":"page","link":"https:\/\/hst.com.br\/pt-br\/conheca-nossas-solucoes\/","title":{"rendered":"Conhe\u00e7a nossas solu\u00e7\u00f5es"},"content":{"rendered":"\n<div class=\"wp-block-columns is-layout-flex wp-container-core-columns-is-layout-1 wp-block-columns-is-layout-flex\">\n<div class=\"wp-block-column is-layout-flow wp-block-column-is-layout-flow\">\n<p>Por mais de 35 anos, implementamos solu\u00e7\u00f5es para meios de pagamentos para institui\u00e7\u00f5es financeiras e varejistas em toda a Am\u00e9rica Latina. Nossas solu\u00e7\u00f5es, certificadas pelas principais bandeiras e protocolos de seguran\u00e7a como EMVco e PCI, tornam as transa\u00e7\u00f5es eletr\u00f4nicas mais seguras e geram agilidade, facilidade e funcionalidade para as rela\u00e7\u00f5es financeiras.<\/p>\n<\/div>\n\n\n\n<div class=\"wp-block-column is-layout-flow wp-block-column-is-layout-flow\" style=\"flex-basis:200px\"><\/div>\n<\/div>\n","protected":false},"excerpt":{"rendered":"<p>Por mais de 35 anos, implementamos solu\u00e7\u00f5es para meios de pagamentos para institui\u00e7\u00f5es financeiras e varejistas em toda a Am\u00e9rica Latina. Nossas solu\u00e7\u00f5es, certificadas pelas principais bandeiras e protocolos de seguran\u00e7a como EMVco e PCI, tornam as transa\u00e7\u00f5es eletr\u00f4nicas mais seguras e geram agilidade, facilidade e funcionalidade para as rela\u00e7\u00f5es financeiras.<\/p>\n","protected":false},"author":1,"featured_media":2799,"parent":0,"menu_order":0,"comment_status":"closed","ping_status":"closed","template":"solutions.blade.php","meta":{"_acf_changed":false,"inline_featured_image":false,"footnotes":""},"class_list":["post-1406","page","type-page","status-publish","has-post-thumbnail","hentry"],"acf":[],"yoast_head":"<!-- This site is optimized with the Yoast SEO plugin v23.9 - https:\/\/yoast.com\/wordpress\/plugins\/seo\/ -->\n<title>Conhe\u00e7a nossas solu\u00e7\u00f5es - HST<\/title>\n<meta name=\"robots\" content=\"index, follow, max-snippet:-1, max-image-preview:large, max-video-preview:-1\" \/>\n<link rel=\"canonical\" href=\"https:\/\/hst.com.br\/pt-br\/conheca-nossas-solucoes\/\" \/>\n<meta property=\"og:locale\" content=\"pt_BR\" \/>\n<meta property=\"og:type\" content=\"article\" \/>\n<meta property=\"og:title\" content=\"Conhe\u00e7a nossas solu\u00e7\u00f5es - HST\" \/>\n<meta property=\"og:description\" content=\"Por mais de 35 anos, implementamos solu\u00e7\u00f5es para meios de pagamentos para institui\u00e7\u00f5es financeiras e varejistas em toda a Am\u00e9rica Latina. Nossas solu\u00e7\u00f5es, certificadas pelas principais bandeiras e protocolos de seguran\u00e7a como EMVco e PCI, tornam as transa\u00e7\u00f5es eletr\u00f4nicas mais seguras e geram agilidade, facilidade e funcionalidade para as rela\u00e7\u00f5es financeiras.\" \/>\n<meta property=\"og:url\" content=\"https:\/\/hst.com.br\/pt-br\/conheca-nossas-solucoes\/\" \/>\n<meta property=\"og:site_name\" content=\"HST\" \/>\n<meta property=\"article:modified_time\" content=\"2024-09-12T13:33:35+00:00\" \/>\n<meta property=\"og:image\" content=\"https:\/\/hst.com.br\/wp-content\/uploads\/2024\/09\/payments-solutions.png\" \/>\n\t<meta property=\"og:image:width\" content=\"1440\" \/>\n\t<meta property=\"og:image:height\" content=\"420\" \/>\n\t<meta property=\"og:image:type\" content=\"image\/png\" \/>\n<meta name=\"twitter:card\" content=\"summary_large_image\" \/>\n<script type=\"application\/ld+json\" class=\"yoast-schema-graph\">{\"@context\":\"https:\/\/schema.org\",\"@graph\":[{\"@type\":\"WebPage\",\"@id\":\"https:\/\/hst.com.br\/pt-br\/conheca-nossas-solucoes\/\",\"url\":\"https:\/\/hst.com.br\/pt-br\/conheca-nossas-solucoes\/\",\"name\":\"Conhe\u00e7a nossas solu\u00e7\u00f5es - HST\",\"isPartOf\":{\"@id\":\"https:\/\/hst.com.br\/#website\"},\"primaryImageOfPage\":{\"@id\":\"https:\/\/hst.com.br\/pt-br\/conheca-nossas-solucoes\/#primaryimage\"},\"image\":{\"@id\":\"https:\/\/hst.com.br\/pt-br\/conheca-nossas-solucoes\/#primaryimage\"},\"thumbnailUrl\":\"https:\/\/i0.wp.com\/hst.com.br\/app\/uploads\/2024\/09\/payments-solutions.png?fit=1440%2C420&ssl=1\",\"datePublished\":\"2024-04-23T22:23:34+00:00\",\"dateModified\":\"2024-09-12T13:33:35+00:00\",\"breadcrumb\":{\"@id\":\"https:\/\/hst.com.br\/pt-br\/conheca-nossas-solucoes\/#breadcrumb\"},\"inLanguage\":\"pt-BR\",\"potentialAction\":[{\"@type\":\"ReadAction\",\"target\":[\"https:\/\/hst.com.br\/pt-br\/conheca-nossas-solucoes\/\"]}]},{\"@type\":\"ImageObject\",\"inLanguage\":\"pt-BR\",\"@id\":\"https:\/\/hst.com.br\/pt-br\/conheca-nossas-solucoes\/#primaryimage\",\"url\":\"https:\/\/i0.wp.com\/hst.com.br\/app\/uploads\/2024\/09\/payments-solutions.png?fit=1440%2C420&ssl=1\",\"contentUrl\":\"https:\/\/i0.wp.com\/hst.com.br\/app\/uploads\/2024\/09\/payments-solutions.png?fit=1440%2C420&ssl=1\",\"width\":1440,\"height\":420},{\"@type\":\"BreadcrumbList\",\"@id\":\"https:\/\/hst.com.br\/pt-br\/conheca-nossas-solucoes\/#breadcrumb\",\"itemListElement\":[{\"@type\":\"ListItem\",\"position\":1,\"name\":\"Home\",\"item\":\"https:\/\/hst.com.br\/pt-br\/\"},{\"@type\":\"ListItem\",\"position\":2,\"name\":\"Conhe\u00e7a nossas solu\u00e7\u00f5es\"}]},{\"@type\":\"WebSite\",\"@id\":\"https:\/\/hst.com.br\/#website\",\"url\":\"https:\/\/hst.com.br\/\",\"name\":\"HST\",\"description\":\"\",\"potentialAction\":[{\"@type\":\"SearchAction\",\"target\":{\"@type\":\"EntryPoint\",\"urlTemplate\":\"https:\/\/hst.com.br\/?s={search_term_string}\"},\"query-input\":{\"@type\":\"PropertyValueSpecification\",\"valueRequired\":true,\"valueName\":\"search_term_string\"}}],\"inLanguage\":\"pt-BR\"}]}<\/script>\n<!-- \/ Yoast SEO plugin. -->","yoast_head_json":{"title":"Conhe\u00e7a nossas solu\u00e7\u00f5es - HST","robots":{"index":"index","follow":"follow","max-snippet":"max-snippet:-1","max-image-preview":"max-image-preview:large","max-video-preview":"max-video-preview:-1"},"canonical":"https:\/\/hst.com.br\/pt-br\/conheca-nossas-solucoes\/","og_locale":"pt_BR","og_type":"article","og_title":"Conhe\u00e7a nossas solu\u00e7\u00f5es - HST","og_description":"Por mais de 35 anos, implementamos solu\u00e7\u00f5es para meios de pagamentos para institui\u00e7\u00f5es financeiras e varejistas em toda a Am\u00e9rica Latina. Nossas solu\u00e7\u00f5es, certificadas pelas principais bandeiras e protocolos de seguran\u00e7a como EMVco e PCI, tornam as transa\u00e7\u00f5es eletr\u00f4nicas mais seguras e geram agilidade, facilidade e funcionalidade para as rela\u00e7\u00f5es financeiras.","og_url":"https:\/\/hst.com.br\/pt-br\/conheca-nossas-solucoes\/","og_site_name":"HST","article_modified_time":"2024-09-12T13:33:35+00:00","og_image":[{"width":1440,"height":420,"url":"https:\/\/hst.com.br\/wp-content\/uploads\/2024\/09\/payments-solutions.png","type":"image\/png"}],"twitter_card":"summary_large_image","schema":{"@context":"https:\/\/schema.org","@graph":[{"@type":"WebPage","@id":"https:\/\/hst.com.br\/pt-br\/conheca-nossas-solucoes\/","url":"https:\/\/hst.com.br\/pt-br\/conheca-nossas-solucoes\/","name":"Conhe\u00e7a nossas solu\u00e7\u00f5es - HST","isPartOf":{"@id":"https:\/\/hst.com.br\/#website"},"primaryImageOfPage":{"@id":"https:\/\/hst.com.br\/pt-br\/conheca-nossas-solucoes\/#primaryimage"},"image":{"@id":"https:\/\/hst.com.br\/pt-br\/conheca-nossas-solucoes\/#primaryimage"},"thumbnailUrl":"https:\/\/i0.wp.com\/hst.com.br\/app\/uploads\/2024\/09\/payments-solutions.png?fit=1440%2C420&ssl=1","datePublished":"2024-04-23T22:23:34+00:00","dateModified":"2024-09-12T13:33:35+00:00","breadcrumb":{"@id":"https:\/\/hst.com.br\/pt-br\/conheca-nossas-solucoes\/#breadcrumb"},"inLanguage":"pt-BR","potentialAction":[{"@type":"ReadAction","target":["https:\/\/hst.com.br\/pt-br\/conheca-nossas-solucoes\/"]}]},{"@type":"ImageObject","inLanguage":"pt-BR","@id":"https:\/\/hst.com.br\/pt-br\/conheca-nossas-solucoes\/#primaryimage","url":"https:\/\/i0.wp.com\/hst.com.br\/app\/uploads\/2024\/09\/payments-solutions.png?fit=1440%2C420&ssl=1","contentUrl":"https:\/\/i0.wp.com\/hst.com.br\/app\/uploads\/2024\/09\/payments-solutions.png?fit=1440%2C420&ssl=1","width":1440,"height":420},{"@type":"BreadcrumbList","@id":"https:\/\/hst.com.br\/pt-br\/conheca-nossas-solucoes\/#breadcrumb","itemListElement":[{"@type":"ListItem","position":1,"name":"Home","item":"https:\/\/hst.com.br\/pt-br\/"},{"@type":"ListItem","position":2,"name":"Conhe\u00e7a nossas solu\u00e7\u00f5es"}]},{"@type":"WebSite","@id":"https:\/\/hst.com.br\/#website","url":"https:\/\/hst.com.br\/","name":"HST","description":"","potentialAction":[{"@type":"SearchAction","target":{"@type":"EntryPoint","urlTemplate":"https:\/\/hst.com.br\/?s={search_term_string}"},"query-input":{"@type":"PropertyValueSpecification","valueRequired":true,"valueName":"search_term_string"}}],"inLanguage":"pt-BR"}]}},"_links":{"self":[{"href":"https:\/\/hst.com.br\/pt-br\/wp-json\/wp\/v2\/pages\/1406","targetHints":{"allow":["GET"]}}],"collection":[{"href":"https:\/\/hst.com.br\/pt-br\/wp-json\/wp\/v2\/pages"}],"about":[{"href":"https:\/\/hst.com.br\/pt-br\/wp-json\/wp\/v2\/types\/page"}],"author":[{"embeddable":true,"href":"https:\/\/hst.com.br\/pt-br\/wp-json\/wp\/v2\/users\/1"}],"replies":[{"embeddable":true,"href":"https:\/\/hst.com.br\/pt-br\/wp-json\/wp\/v2\/comments?post=1406"}],"version-history":[{"count":6,"href":"https:\/\/hst.com.br\/pt-br\/wp-json\/wp\/v2\/pages\/1406\/revisions"}],"predecessor-version":[{"id":2931,"href":"https:\/\/hst.com.br\/pt-br\/wp-json\/wp\/v2\/pages\/1406\/revisions\/2931"}],"wp:featuredmedia":[{"embeddable":true,"href":"https:\/\/hst.com.br\/pt-br\/wp-json\/wp\/v2\/media\/2799"}],"wp:attachment":[{"href":"https:\/\/hst.com.br\/pt-br\/wp-json\/wp\/v2\/media?parent=1406"}],"curies":[{"name":"wp","href":"https:\/\/api.w.org\/{rel}","templated":true}]}}