{"id":2491,"date":"2024-07-19T18:44:27","date_gmt":"2024-07-19T21:44:27","guid":{"rendered":"https:\/\/dev.hst.com.br\/nos-somos-hst\/"},"modified":"2025-11-13T12:03:03","modified_gmt":"2025-11-13T15:03:03","slug":"carreira","status":"publish","type":"page","link":"https:\/\/hst.com.br\/pt-br\/carreira\/","title":{"rendered":"N\u00f3s somos HST"},"content":{"rendered":"","protected":false},"excerpt":{"rendered":"","protected":false},"author":1,"featured_media":0,"parent":0,"menu_order":0,"comment_status":"closed","ping_status":"closed","template":"career.blade.php","meta":{"_acf_changed":false,"inline_featured_image":false,"footnotes":""},"class_list":["post-2491","page","type-page","status-publish","hentry"],"acf":[],"yoast_head":"<!-- This site is optimized with the Yoast SEO plugin v23.9 - https:\/\/yoast.com\/wordpress\/plugins\/seo\/ -->\n<title>HST - Carreira em TI de Pagamentos<\/title>\n<meta name=\"description\" content=\"Fa\u00e7a parte de uma equipe que \u00e9 motivada por desafios e inova\u00e7\u00f5es que est\u00e3o transformando as solu\u00e7\u00f5es de pagamentos.\" \/>\n<meta name=\"robots\" content=\"index, follow, max-snippet:-1, max-image-preview:large, max-video-preview:-1\" \/>\n<link rel=\"canonical\" href=\"https:\/\/hst.com.br\/pt-br\/carreira\/\" \/>\n<meta property=\"og:locale\" content=\"pt_BR\" \/>\n<meta property=\"og:type\" content=\"article\" \/>\n<meta property=\"og:title\" content=\"HST - Carreira em TI de Pagamentos\" \/>\n<meta property=\"og:description\" content=\"Fa\u00e7a parte de uma equipe que \u00e9 motivada por desafios e inova\u00e7\u00f5es que est\u00e3o transformando as solu\u00e7\u00f5es de pagamentos.\" \/>\n<meta property=\"og:url\" content=\"https:\/\/hst.com.br\/pt-br\/carreira\/\" \/>\n<meta property=\"og:site_name\" content=\"HST\" \/>\n<meta property=\"article:modified_time\" content=\"2025-11-13T15:03:03+00:00\" \/>\n<meta name=\"twitter:card\" content=\"summary_large_image\" \/>\n<script type=\"application\/ld+json\" class=\"yoast-schema-graph\">{\"@context\":\"https:\/\/schema.org\",\"@graph\":[{\"@type\":\"WebPage\",\"@id\":\"https:\/\/hst.com.br\/pt-br\/carreira\/\",\"url\":\"https:\/\/hst.com.br\/pt-br\/carreira\/\",\"name\":\"HST - Carreira em TI de Pagamentos\",\"isPartOf\":{\"@id\":\"https:\/\/hst.com.br\/#website\"},\"datePublished\":\"2024-07-19T21:44:27+00:00\",\"dateModified\":\"2025-11-13T15:03:03+00:00\",\"description\":\"Fa\u00e7a parte de uma equipe que \u00e9 motivada por desafios e inova\u00e7\u00f5es que est\u00e3o transformando as solu\u00e7\u00f5es de pagamentos.\",\"breadcrumb\":{\"@id\":\"https:\/\/hst.com.br\/pt-br\/carreira\/#breadcrumb\"},\"inLanguage\":\"pt-BR\",\"potentialAction\":[{\"@type\":\"ReadAction\",\"target\":[\"https:\/\/hst.com.br\/pt-br\/carreira\/\"]}]},{\"@type\":\"BreadcrumbList\",\"@id\":\"https:\/\/hst.com.br\/pt-br\/carreira\/#breadcrumb\",\"itemListElement\":[{\"@type\":\"ListItem\",\"position\":1,\"name\":\"Home\",\"item\":\"https:\/\/hst.com.br\/pt-br\/\"},{\"@type\":\"ListItem\",\"position\":2,\"name\":\"N\u00f3s somos HST\"}]},{\"@type\":\"WebSite\",\"@id\":\"https:\/\/hst.com.br\/#website\",\"url\":\"https:\/\/hst.com.br\/\",\"name\":\"HST\",\"description\":\"\",\"potentialAction\":[{\"@type\":\"SearchAction\",\"target\":{\"@type\":\"EntryPoint\",\"urlTemplate\":\"https:\/\/hst.com.br\/?s={search_term_string}\"},\"query-input\":{\"@type\":\"PropertyValueSpecification\",\"valueRequired\":true,\"valueName\":\"search_term_string\"}}],\"inLanguage\":\"pt-BR\"}]}<\/script>\n<!-- \/ Yoast SEO plugin. -->","yoast_head_json":{"title":"HST - Carreira em TI de Pagamentos","description":"Fa\u00e7a parte de uma equipe que \u00e9 motivada por desafios e inova\u00e7\u00f5es que est\u00e3o transformando as solu\u00e7\u00f5es de pagamentos.","robots":{"index":"index","follow":"follow","max-snippet":"max-snippet:-1","max-image-preview":"max-image-preview:large","max-video-preview":"max-video-preview:-1"},"canonical":"https:\/\/hst.com.br\/pt-br\/carreira\/","og_locale":"pt_BR","og_type":"article","og_title":"HST - Carreira em TI de Pagamentos","og_description":"Fa\u00e7a parte de uma equipe que \u00e9 motivada por desafios e inova\u00e7\u00f5es que est\u00e3o transformando as solu\u00e7\u00f5es de pagamentos.","og_url":"https:\/\/hst.com.br\/pt-br\/carreira\/","og_site_name":"HST","article_modified_time":"2025-11-13T15:03:03+00:00","twitter_card":"summary_large_image","schema":{"@context":"https:\/\/schema.org","@graph":[{"@type":"WebPage","@id":"https:\/\/hst.com.br\/pt-br\/carreira\/","url":"https:\/\/hst.com.br\/pt-br\/carreira\/","name":"HST - Carreira em TI de Pagamentos","isPartOf":{"@id":"https:\/\/hst.com.br\/#website"},"datePublished":"2024-07-19T21:44:27+00:00","dateModified":"2025-11-13T15:03:03+00:00","description":"Fa\u00e7a parte de uma equipe que \u00e9 motivada por desafios e inova\u00e7\u00f5es que est\u00e3o transformando as solu\u00e7\u00f5es de pagamentos.","breadcrumb":{"@id":"https:\/\/hst.com.br\/pt-br\/carreira\/#breadcrumb"},"inLanguage":"pt-BR","potentialAction":[{"@type":"ReadAction","target":["https:\/\/hst.com.br\/pt-br\/carreira\/"]}]},{"@type":"BreadcrumbList","@id":"https:\/\/hst.com.br\/pt-br\/carreira\/#breadcrumb","itemListElement":[{"@type":"ListItem","position":1,"name":"Home","item":"https:\/\/hst.com.br\/pt-br\/"},{"@type":"ListItem","position":2,"name":"N\u00f3s somos HST"}]},{"@type":"WebSite","@id":"https:\/\/hst.com.br\/#website","url":"https:\/\/hst.com.br\/","name":"HST","description":"","potentialAction":[{"@type":"SearchAction","target":{"@type":"EntryPoint","urlTemplate":"https:\/\/hst.com.br\/?s={search_term_string}"},"query-input":{"@type":"PropertyValueSpecification","valueRequired":true,"valueName":"search_term_string"}}],"inLanguage":"pt-BR"}]}},"_links":{"self":[{"href":"https:\/\/hst.com.br\/pt-br\/wp-json\/wp\/v2\/pages\/2491","targetHints":{"allow":["GET"]}}],"collection":[{"href":"https:\/\/hst.com.br\/pt-br\/wp-json\/wp\/v2\/pages"}],"about":[{"href":"https:\/\/hst.com.br\/pt-br\/wp-json\/wp\/v2\/types\/page"}],"author":[{"embeddable":true,"href":"https:\/\/hst.com.br\/pt-br\/wp-json\/wp\/v2\/users\/1"}],"replies":[{"embeddable":true,"href":"https:\/\/hst.com.br\/pt-br\/wp-json\/wp\/v2\/comments?post=2491"}],"version-history":[{"count":8,"href":"https:\/\/hst.com.br\/pt-br\/wp-json\/wp\/v2\/pages\/2491\/revisions"}],"predecessor-version":[{"id":4860,"href":"https:\/\/hst.com.br\/pt-br\/wp-json\/wp\/v2\/pages\/2491\/revisions\/4860"}],"wp:attachment":[{"href":"https:\/\/hst.com.br\/pt-br\/wp-json\/wp\/v2\/media?parent=2491"}],"curies":[{"name":"wp","href":"https:\/\/api.w.org\/{rel}","templated":true}]}}