{"id":3041,"date":"2024-08-29T18:33:49","date_gmt":"2024-08-29T21:33:49","guid":{"rendered":"https:\/\/dev.hst.com.br\/relatorio-de-igualdade-salarial\/"},"modified":"2026-03-23T15:37:29","modified_gmt":"2026-03-23T18:37:29","slug":"relatorio-de-igualdade-salarial","status":"publish","type":"page","link":"https:\/\/hst.com.br\/pt-br\/relatorio-de-igualdade-salarial\/","title":{"rendered":"Relat\u00f3rio de igualdade salarial"},"content":{"rendered":"\n<p>O Relat\u00f3rio de Transpar\u00eancia e Igualdade Salarial serve como uma ferramenta de monitoramento para combater a desigualdade no local de trabalho.\nEle fornece informa\u00e7\u00f5es an\u00f4nimas que permitem a an\u00e1lise comparativa de sal\u00e1rios, compensa\u00e7\u00f5es e a distribui\u00e7\u00e3o de cargos de lideran\u00e7a, ger\u00eancia e supervis\u00e3o entre homens e mulheres. <\/p>\n\n\n\n<a href=\"https:\/\/hst.com.br\/app\/uploads\/2026\/03\/0321-Relatorio-igualdade-01-2026.pdf\" class=\"button is-primary\" target=\"_blank\" rel=\"noopener noreferrer\">Acessar<\/a>\n\n\n\n<div class=\"wp-block-buttons is-layout-flex wp-block-buttons-is-layout-flex\"><\/div>\n\n\n\n<p><\/p>\n","protected":false},"excerpt":{"rendered":"<p>O Relat\u00f3rio de Transpar\u00eancia e Igualdade Salarial serve como uma ferramenta de monitoramento para combater a desigualdade no local de trabalho. Ele fornece informa\u00e7\u00f5es an\u00f4nimas que permitem a an\u00e1lise comparativa de sal\u00e1rios, compensa\u00e7\u00f5es e a distribui\u00e7\u00e3o de cargos de lideran\u00e7a, ger\u00eancia e supervis\u00e3o entre homens e mulheres. Acessar<\/p>\n","protected":false},"author":1,"featured_media":0,"parent":0,"menu_order":0,"comment_status":"closed","ping_status":"closed","template":"","meta":{"_acf_changed":false,"inline_featured_image":false,"footnotes":""},"class_list":["post-3041","page","type-page","status-publish","hentry"],"acf":[],"yoast_head":"<!-- This site is optimized with the Yoast SEO plugin v23.9 - https:\/\/yoast.com\/wordpress\/plugins\/seo\/ -->\n<title>Relat\u00f3rio de igualdade salarial - HST<\/title>\n<meta name=\"robots\" content=\"index, follow, max-snippet:-1, max-image-preview:large, max-video-preview:-1\" \/>\n<link rel=\"canonical\" href=\"https:\/\/hst.com.br\/pt-br\/relatorio-de-igualdade-salarial\/\" \/>\n<meta property=\"og:locale\" content=\"pt_BR\" \/>\n<meta property=\"og:type\" content=\"article\" \/>\n<meta property=\"og:title\" content=\"Relat\u00f3rio de igualdade salarial - HST\" \/>\n<meta property=\"og:description\" content=\"O Relat\u00f3rio de Transpar\u00eancia e Igualdade Salarial serve como uma ferramenta de monitoramento para combater a desigualdade no local de trabalho. Ele fornece informa\u00e7\u00f5es an\u00f4nimas que permitem a an\u00e1lise comparativa de sal\u00e1rios, compensa\u00e7\u00f5es e a distribui\u00e7\u00e3o de cargos de lideran\u00e7a, ger\u00eancia e supervis\u00e3o entre homens e mulheres. Acessar\" \/>\n<meta property=\"og:url\" content=\"https:\/\/hst.com.br\/pt-br\/relatorio-de-igualdade-salarial\/\" \/>\n<meta property=\"og:site_name\" content=\"HST\" \/>\n<meta property=\"article:modified_time\" content=\"2026-03-23T18:37:29+00:00\" \/>\n<meta name=\"twitter:card\" content=\"summary_large_image\" \/>\n<meta name=\"twitter:label1\" content=\"Est. reading time\" \/>\n\t<meta name=\"twitter:data1\" content=\"1 minute\" \/>\n<script type=\"application\/ld+json\" class=\"yoast-schema-graph\">{\"@context\":\"https:\/\/schema.org\",\"@graph\":[{\"@type\":\"WebPage\",\"@id\":\"https:\/\/hst.com.br\/pt-br\/relatorio-de-igualdade-salarial\/\",\"url\":\"https:\/\/hst.com.br\/pt-br\/relatorio-de-igualdade-salarial\/\",\"name\":\"Relat\u00f3rio de igualdade salarial - HST\",\"isPartOf\":{\"@id\":\"https:\/\/hst.com.br\/#website\"},\"datePublished\":\"2024-08-29T21:33:49+00:00\",\"dateModified\":\"2026-03-23T18:37:29+00:00\",\"breadcrumb\":{\"@id\":\"https:\/\/hst.com.br\/pt-br\/relatorio-de-igualdade-salarial\/#breadcrumb\"},\"inLanguage\":\"pt-BR\",\"potentialAction\":[{\"@type\":\"ReadAction\",\"target\":[\"https:\/\/hst.com.br\/pt-br\/relatorio-de-igualdade-salarial\/\"]}]},{\"@type\":\"BreadcrumbList\",\"@id\":\"https:\/\/hst.com.br\/pt-br\/relatorio-de-igualdade-salarial\/#breadcrumb\",\"itemListElement\":[{\"@type\":\"ListItem\",\"position\":1,\"name\":\"Home\",\"item\":\"https:\/\/hst.com.br\/pt-br\/\"},{\"@type\":\"ListItem\",\"position\":2,\"name\":\"Relat\u00f3rio de igualdade salarial\"}]},{\"@type\":\"WebSite\",\"@id\":\"https:\/\/hst.com.br\/#website\",\"url\":\"https:\/\/hst.com.br\/\",\"name\":\"HST\",\"description\":\"\",\"potentialAction\":[{\"@type\":\"SearchAction\",\"target\":{\"@type\":\"EntryPoint\",\"urlTemplate\":\"https:\/\/hst.com.br\/?s={search_term_string}\"},\"query-input\":{\"@type\":\"PropertyValueSpecification\",\"valueRequired\":true,\"valueName\":\"search_term_string\"}}],\"inLanguage\":\"pt-BR\"}]}<\/script>\n<!-- \/ Yoast SEO plugin. -->","yoast_head_json":{"title":"Relat\u00f3rio de igualdade salarial - HST","robots":{"index":"index","follow":"follow","max-snippet":"max-snippet:-1","max-image-preview":"max-image-preview:large","max-video-preview":"max-video-preview:-1"},"canonical":"https:\/\/hst.com.br\/pt-br\/relatorio-de-igualdade-salarial\/","og_locale":"pt_BR","og_type":"article","og_title":"Relat\u00f3rio de igualdade salarial - HST","og_description":"O Relat\u00f3rio de Transpar\u00eancia e Igualdade Salarial serve como uma ferramenta de monitoramento para combater a desigualdade no local de trabalho. Ele fornece informa\u00e7\u00f5es an\u00f4nimas que permitem a an\u00e1lise comparativa de sal\u00e1rios, compensa\u00e7\u00f5es e a distribui\u00e7\u00e3o de cargos de lideran\u00e7a, ger\u00eancia e supervis\u00e3o entre homens e mulheres. Acessar","og_url":"https:\/\/hst.com.br\/pt-br\/relatorio-de-igualdade-salarial\/","og_site_name":"HST","article_modified_time":"2026-03-23T18:37:29+00:00","twitter_card":"summary_large_image","twitter_misc":{"Est. reading time":"1 minute"},"schema":{"@context":"https:\/\/schema.org","@graph":[{"@type":"WebPage","@id":"https:\/\/hst.com.br\/pt-br\/relatorio-de-igualdade-salarial\/","url":"https:\/\/hst.com.br\/pt-br\/relatorio-de-igualdade-salarial\/","name":"Relat\u00f3rio de igualdade salarial - HST","isPartOf":{"@id":"https:\/\/hst.com.br\/#website"},"datePublished":"2024-08-29T21:33:49+00:00","dateModified":"2026-03-23T18:37:29+00:00","breadcrumb":{"@id":"https:\/\/hst.com.br\/pt-br\/relatorio-de-igualdade-salarial\/#breadcrumb"},"inLanguage":"pt-BR","potentialAction":[{"@type":"ReadAction","target":["https:\/\/hst.com.br\/pt-br\/relatorio-de-igualdade-salarial\/"]}]},{"@type":"BreadcrumbList","@id":"https:\/\/hst.com.br\/pt-br\/relatorio-de-igualdade-salarial\/#breadcrumb","itemListElement":[{"@type":"ListItem","position":1,"name":"Home","item":"https:\/\/hst.com.br\/pt-br\/"},{"@type":"ListItem","position":2,"name":"Relat\u00f3rio de igualdade salarial"}]},{"@type":"WebSite","@id":"https:\/\/hst.com.br\/#website","url":"https:\/\/hst.com.br\/","name":"HST","description":"","potentialAction":[{"@type":"SearchAction","target":{"@type":"EntryPoint","urlTemplate":"https:\/\/hst.com.br\/?s={search_term_string}"},"query-input":{"@type":"PropertyValueSpecification","valueRequired":true,"valueName":"search_term_string"}}],"inLanguage":"pt-BR"}]}},"_links":{"self":[{"href":"https:\/\/hst.com.br\/pt-br\/wp-json\/wp\/v2\/pages\/3041","targetHints":{"allow":["GET"]}}],"collection":[{"href":"https:\/\/hst.com.br\/pt-br\/wp-json\/wp\/v2\/pages"}],"about":[{"href":"https:\/\/hst.com.br\/pt-br\/wp-json\/wp\/v2\/types\/page"}],"author":[{"embeddable":true,"href":"https:\/\/hst.com.br\/pt-br\/wp-json\/wp\/v2\/users\/1"}],"replies":[{"embeddable":true,"href":"https:\/\/hst.com.br\/pt-br\/wp-json\/wp\/v2\/comments?post=3041"}],"version-history":[{"count":11,"href":"https:\/\/hst.com.br\/pt-br\/wp-json\/wp\/v2\/pages\/3041\/revisions"}],"predecessor-version":[{"id":5304,"href":"https:\/\/hst.com.br\/pt-br\/wp-json\/wp\/v2\/pages\/3041\/revisions\/5304"}],"wp:attachment":[{"href":"https:\/\/hst.com.br\/pt-br\/wp-json\/wp\/v2\/media?parent=3041"}],"curies":[{"name":"wp","href":"https:\/\/api.w.org\/{rel}","templated":true}]}}