{"id":3065,"date":"2024-09-17T16:06:12","date_gmt":"2024-09-17T19:06:12","guid":{"rendered":"https:\/\/dev.hst.com.br\/privacy-policy\/"},"modified":"2025-01-24T16:29:10","modified_gmt":"2025-01-24T19:29:10","slug":"politica-de-privacidade","status":"publish","type":"page","link":"https:\/\/hst.com.br\/pt-br\/politica-de-privacidade\/","title":{"rendered":"Pol\u00edtica de Privacidade"},"content":{"rendered":"\n<p><strong>Armazenamento de dados e cookies<\/strong><\/p>\n\n\n\n<h2 class=\"wp-block-heading\">Introdu\u00e7\u00e3o<\/h2>\n\n\n\n<p>Com o consentimento do usu\u00e1rio que estiver acessando as informa\u00e7\u00f5es no site da HST, e de acordo com nossas pol\u00edticas de privacidade, coletamos dados pessoais destes usu\u00e1rios atrav\u00e9s dos formul\u00e1rios que s\u00e3o preenchidos no site. Os dados pedidos pela HST t\u00eam o objetivo de conhecer novos parceiros de neg\u00f3cio da HST, ou potenciais clientes ou ainda realizar a triagem de curr\u00edculos para a contrata\u00e7\u00e3o de colaboradores que estejam interessados nas vagas oferecidas pela HST.<\/p>\n\n\n\n<p><strong>Por que coletamos os dados?<\/strong><\/p>\n\n\n\n<p>Para que um usu\u00e1rio possa fazer um download de uma apresenta\u00e7\u00e3o resumida das solu\u00e7\u00f5es da HST, criamos formul\u00e1rios que coletam as informa\u00e7\u00f5es pessoais dos usu\u00e1rios como: nome, e-mail, material acessado, idioma. Isto \u00e9 feito para que possamos encaminhar outros informativos sobre solu\u00e7\u00f5es da HST e, eventualmente, criar rela\u00e7\u00f5es comerciais.<\/p>\n\n\n\n<p><strong>Onde ficam armazenados?<\/strong><\/p>\n\n\n\n<p>Os dados coletados s\u00e3o armazenados por per\u00edodo indeterminado na plataforma registrada pela empresa The Rocket Science Group (\u201cMailchimp\u201d), com sede nos Estados Unidos, e est\u00e1 de acordo com GDPR (General Data Protection Regulation) e demais legisla\u00e7\u00f5es aplic\u00e1veis ao tratamento de dados pessoais. O Mailchimp, conta com seguran\u00e7a online de criptografia TLS e offline com datas centers seguros 24 horas nos 7 dias da semana, e conta com biometria e acesso restrito apenas de funcion\u00e1rios autorizados conforme descrito na pol\u00edtica de seguran\u00e7a publicada no site:<\/p>\n\n\n\n<p>https:\/\/mailchimp.com\/about\/security\/#Data_Center_Security<br>Caso queira realizar remover o registro em nosso banco de dados, basta enviar um e-mail ao contato@hst.com.br ou selecionar a op\u00e7\u00e3o \u201cunsubscribe\u201d em um dos e-mails enviados. Todos os contatos realizados via e-mail marketing tem um campo na parte inferior do e-mail para que voc\u00ea possa realizar este pedido com facilidade.<\/p>\n\n\n\n<p>Como controladores dos dados, restringimos o acesso apenas aos funcion\u00e1rios e parceiros de neg\u00f3cios que possam contact\u00e1-lo e possam propor ou comunicar informa\u00e7\u00f5es adicionais sobre produtos e servi\u00e7os de forma personalizada.<\/p>\n\n\n\n<p><strong>O que fazemos com os dados coletados atrav\u00e9s da op\u00e7\u00e3o de envio de curr\u00edculos e acesso a vagas de trabalho na HST?<\/strong><\/p>\n\n\n\n<p>Criamos formul\u00e1rios destinados para envio de curr\u00edculos de pessoas que desejam participar do processo seletivo da HST. Antes de enviar qualquer dado ou documento a pessoa deve concordar com a pol\u00edtica de privacidade do site. Os dados enviados nos permitem entrar em contato para oportunidades de empregos de acordo com a inscri\u00e7\u00e3o realizada.<\/p>\n\n\n\n<p>Os curr\u00edculos s\u00e3o armazenados atrav\u00e9s da plataforma desenvolvida pela Saturday Drive INC (\u201cNinja Forms\u201d) com sede nos Estados Unidos, que est\u00e1 de acordo com a GDPR (General Data Protection Regulation) e FTCA (Federal Trade Commission Act) e que atuam como processadores destes dados. Coletamos a vaga de interesse, nome, sobrenome, e-mail, telefone, url do LinkedIn e curr\u00edculo.<\/p>\n\n\n\n<p>O Ninja Forms conta com tecnologia de criptografia SSL e revisam constantemente as informa\u00e7\u00f5es online e f\u00edsicas, com acesso restrito de informa\u00e7\u00f5es apenas a funcion\u00e1rios e agentes treinados conforme descrito: https:\/\/ninjaforms.com\/privacy-policy\/<\/p>\n\n\n\n<p>Como controladores dos dados, restringimos o acesso aos dados pessoais dos curr\u00edculos apenas aos funcion\u00e1rios e parceiros de neg\u00f3cios que precisam de acesso para comunicar informa\u00e7\u00f5es sobre o processo seletivo e possibilidades de vagas abertas espec\u00edficas relacionadas a inscri\u00e7\u00e3o do usu\u00e1rio.<\/p>\n\n\n\n<h2 class=\"wp-block-heading\">Como a HST utiliza os Cookies?<\/h2>\n\n\n\n<p>Utilizamos cookies, que coletam informa\u00e7\u00f5es de navega\u00e7\u00e3o do Browser sobre os usu\u00e1rios apenas como indicador, assim podemos melhorar continuamente a experi\u00eancia da pessoa que est\u00e1 acessando o site e agilizar a busca das informa\u00e7\u00f5es de forma mais r\u00e1pida e eficiente. N\u00e3o obtemos acessos a dados pessoais em cookies.<\/p>\n\n\n\n<p>Realizamos a coleta dos conjuntos de dados para reconhecer e analisar comportamentos de usabilidade, utiliza\u00e7\u00e3o de dispositivos (celular, tablet e computador) e realizar publicidades personalizadas.<\/p>\n\n\n\n<p><strong>Como funciona a visualiza\u00e7\u00e3o de conte\u00fado externo?<\/strong><\/p>\n\n\n\n<p><strong>Visualiza\u00e7\u00e3o de conte\u00fado de ferramentas externas<\/strong><\/p>\n\n\n\n<p>Utilizamos em nosso site ferramentas do Youtube, desenvolvidas pelo Google, Inc (\u201cGoogle\u201d), em que as informa\u00e7\u00f5es s\u00e3o tratadas nos Estados Unidos. A funcionalidade explorada atrav\u00e9s dessa ferramenta permite a visualiza\u00e7\u00e3o de v\u00eddeos em nosso site. Trata-se de um v\u00eddeo widget que possibilita transmitir v\u00eddeos publicados no Youtube neste site.<\/p>\n\n\n\n<p>Voc\u00ea pode consultar os termos de privacidade e seguran\u00e7a de dados atrav\u00e9s de https:\/\/policies.google.com\/privacy.<\/p>\n\n\n\n<p><strong>Gerenciamento de tags<\/strong><\/p>\n\n\n\n<p>Fazemos uso do Google Tag Manager, ferramenta de instala\u00e7\u00e3o de tags e scripts do Google, Inc, (\u201cGoogle\u201d), com sede e processamento de dados nos Estados Unidos. A ferramenta facilita a gest\u00e3o centralizada das informa\u00e7\u00f5es referentes ao comportamento dos usu\u00e1rios e permite an\u00e1lises personalizadas de dados em nosso site.<\/p>\n\n\n\n<p>Consulte os termos de coleta, seguran\u00e7a e privacidade de dados atrav\u00e9s do link https:\/\/policies.google.com\/privacy<\/p>\n\n\n\n<p><strong>Linguagem de acesso<\/strong><\/p>\n\n\n\n<p>Utilizamos em nosso site o plugin WPML para tradu\u00e7\u00e3o de conte\u00fado, desenvolvido pela OnTheGoSystems, com sede em Hong Kong com tratamento de acordo com a GDPR (General Data Protection) e seguran\u00e7a de SSL, HTTPS e limpeza frequente de dados pessoais no banco de informa\u00e7\u00f5es.<\/p>\n\n\n\n<p>A ferramenta possibilita que no navegador do usu\u00e1rio seja gravado um cookie do idioma em que o site foi exibido durante a visita.<\/p>\n\n\n\n<p>Para maiores informa\u00e7\u00f5es consulte a pol\u00edtica de dados e privacidade atrav\u00e9s do link https:\/\/wpml.org\/documentation\/privacy-policy-and-gdpr-compliance\/#data-collected-by-the-wpml-plugin-and-add-ons-you-use<\/p>\n\n\n\n<h2 class=\"wp-block-heading\">Cookies de an\u00e1lise de comportamento da navega\u00e7\u00e3o<\/h2>\n\n\n\n<p><strong>Google Analytics<\/strong><\/p>\n\n\n\n<p>Utilizamos em nosso site a ferramenta de an\u00e1lise web do Google, Inc, (\u201cGoogle\u201d) denominada como Google Analytics, para identificar apenas informa\u00e7\u00f5es estat\u00edsticas em conjuntos de dados e relat\u00f3rios, que n\u00e3o cont\u00e9m informa\u00e7\u00f5es pessoais individuais.<\/p>\n\n\n\n<p>Identificamos as origens que trouxeram usu\u00e1rios ao site, os dispositivos que realizaram acessos, se \u00e9 uma visita de um novo usu\u00e1rio ou algu\u00e9m que j\u00e1 acessou anteriormente. Assim como hor\u00e1rios de acessos, p\u00e1ginas acessadas, comportamentos de visualiza\u00e7\u00f5es, cliques, geolocaliza\u00e7\u00e3o e endere\u00e7o de IP.<\/p>\n\n\n\n<p>Atrav\u00e9s do seu navegador voc\u00ea pode instalar e ocultar as funcionalidades do Google Analytics em https:\/\/tools.google.com\/dlpage\/gaoptout\/?hl=pt-BR.<\/p>\n\n\n\n<p><strong>Cookies para publicidade s\u00e3o usados da seguinte forma:<\/strong><\/p>\n\n\n\n<p><strong>Google Analytics e Google Ads \u2013 Exibi\u00e7\u00e3o de publicidade<\/strong><\/p>\n\n\n\n<p>O Google, Inc, (\u201cGoogle\u201d), atrav\u00e9s de cookies pr\u00f3prios do Google Analytics e de terceiros, o Double Click, permite vincula\u00e7\u00e3o de publicidade personalizada em outros sites e plataformas, de acordo com o acesso que o usu\u00e1rio realizou em nosso site, essa pr\u00e1tica bastante usual \u00e9 conhecida como remarketing.<\/p>\n\n\n\n<p>Esses cookies tamb\u00e9m podem coletar informa\u00e7\u00f5es sobre comportamentos e interesses dos usu\u00e1rios de outros sites, para possibilitar an\u00fancios nossos e de terceiros que tamb\u00e9m utilizam essas ferramentas. Para conhecer mais sobre como o Google pode utilizar suas informa\u00e7\u00f5es acesse a pol\u00edtica de privacidade em google.com\/policies\/privacy<\/p>\n\n\n\n<p><strong>Facebook \u2013 Exibi\u00e7\u00e3o de publicidade<\/strong><\/p>\n\n\n\n<p>O Facebook, Inc (\u201cFacebook\u201d) possibilita atrav\u00e9s do uso de cookies a publicidade direcionada e personalizada de acordo com interesses e comportamentos dos usu\u00e1rios.<\/p>\n\n\n\n<p>Utilizamos a ferramenta do Facebook para fins de an\u00e1lise de acessos, convers\u00f5es e publicidades de remarketing, com an\u00fancios de acordo com o comportamento dos usu\u00e1rios dentro do nosso site.<\/p>\n\n\n\n<p>Para conhecer mais sobre como o Facebook pode utilizar seus dados atrav\u00e9s da utiliza\u00e7\u00e3o de sua plataforma, acesse a pol\u00edtica de privacidade do Facebook em https:\/\/www.facebook.com\/about\/privacy\/.<\/p>\n\n\n\n<p><strong>LinkedIn \u2013 Exibi\u00e7\u00e3o de publicidade<\/strong><\/p>\n\n\n\n<p>O LinkedIn Corporation (\u201cLinkedIn\u201d) possibilita atrav\u00e9s do uso de cookies a publicidade direcionada e personalizada de acordo com interesses e comportamentos dos usu\u00e1rios.<\/p>\n\n\n\n<p>Utilizamos a ferramenta do LinkedIn para fins de an\u00e1lise de acessos, convers\u00f5es e publicidades de remarketing, com an\u00fancios de acordo com o comportamento dos usu\u00e1rios dentro do nosso site.<\/p>\n\n\n\n<p>Para conhecer mais sobre como o LinkedIn pode utilizar seus dados atrav\u00e9s da utiliza\u00e7\u00e3o de sua plataforma, acesse a pol\u00edtica de privacidade do LinkedIn em https:\/\/br.linkedin.com\/legal\/privacy-policy?_l=pt_BR .<\/p>\n\n\n\n<p><strong>Lei aplic\u00e1vel e resolu\u00e7\u00e3o de conflitos<\/strong><\/p>\n\n\n\n<p>Toda e qualquer controv\u00e9rsia oriunda dos termos expostos na presente Pol\u00edtica de Privacidade ser\u00e3o solucionados de acordo com a lei brasileira LGPD, sendo competente o foro da cidade de S\u00e3o Paulo, SP, Comarca da Capital, com exclus\u00e3o de qualquer outro por mais privilegiado que seja.<\/p>\n\n\n\n<p><strong>Extens\u00e3o dos efeitos<\/strong><\/p>\n\n\n\n<p>Os termos da Pol\u00edtica de Privacidade aqui expostos ser\u00e3o aplicados exclusivamente \u00e0s informa\u00e7\u00f5es pessoais, conforme acima definido, que venham a ser disponibilizadas no site da HST.<\/p>\n\n\n\n<p>Por consequ\u00eancia, a Pol\u00edtica de Privacidade aqui exposta n\u00e3o ser\u00e1 aplic\u00e1vel a qualquer outro servi\u00e7o disponibilizado pela HST.<\/p>\n\n\n\n<p><strong>Informa\u00e7\u00f5es sobre seus direitos<\/strong><\/p>\n\n\n\n<p>Os seguintes direitos est\u00e3o dispon\u00edveis para voc\u00ea de acordo com a legisla\u00e7\u00e3o de privacidade de dados brasileira<\/p>\n\n\n\n<ul class=\"wp-block-list\">\n<li>Direito de informa\u00e7\u00e3o sobre seus dados pessoais armazenados por n\u00f3s;<\/li>\n\n\n\n<li>Direito de solicitar a corre\u00e7\u00e3o, exclus\u00e3o ou processamento restrito de seus dados pessoais;<\/li>\n\n\n\n<li>Direito \u00e0 portabilidade de dados;<\/li>\n\n\n\n<li>Voc\u00ea pode, a qualquer momento, com efeito futuro, revogar seu consentimento para a coleta, processamento e uso de seus dados pessoais.<\/li>\n<\/ul>\n\n\n\n<p>Se voc\u00ea deseja exercer seus direitos, envie sua solicita\u00e7\u00e3o ao contato ou ao escrit\u00f3rio de prote\u00e7\u00e3o de dados da empresa indicado abaixo.<\/p>\n\n\n\n<h2 class=\"wp-block-heading\">Contato<\/h2>\n\n\n\n<p>Para qualquer d\u00favida que possa ter em rela\u00e7\u00e3o \u00e0 privacidade dos dados pessoais, por favor, ou entre em contato diretamente com o Data Privacy Officer da empresa no seguinte endere\u00e7o:<\/p>\n\n\n\n<p><strong>Data Privacy Officer<\/strong><\/p>\n\n\n\n<p>DPO: Marcelo Rodrigues<br>HST Card Technology \u2013 Desenv. Sistemas Ltda<\/p>\n\n\n\n<p>Rua Lions Club, 44<br>CEP: 13073-030<\/p>\n\n\n\n<p>CEP 04779-900 \u2013 Campinas \u2013 S\u00e3o Paulo, Brasil<\/p>\n\n\n\n<p>compliance@hst.com.br<\/p>\n","protected":false},"excerpt":{"rendered":"<p>Armazenamento de dados e cookies Introdu\u00e7\u00e3o Com o consentimento do usu\u00e1rio que estiver acessando as informa\u00e7\u00f5es no site da HST, e de acordo com nossas pol\u00edticas de privacidade, coletamos dados pessoais destes usu\u00e1rios atrav\u00e9s dos formul\u00e1rios que s\u00e3o preenchidos no site. Os dados pedidos pela HST t\u00eam o objetivo de conhecer novos parceiros de neg\u00f3cio &hellip; <a href=\"https:\/\/hst.com.br\/pt-br\/politica-de-privacidade\/\">Continued<\/a><\/p>\n","protected":false},"author":2,"featured_media":0,"parent":0,"menu_order":0,"comment_status":"closed","ping_status":"closed","template":"","meta":{"_acf_changed":false,"inline_featured_image":false,"footnotes":""},"class_list":["post-3065","page","type-page","status-publish","hentry"],"acf":[],"yoast_head":"<!-- This site is optimized with the Yoast SEO plugin v23.9 - https:\/\/yoast.com\/wordpress\/plugins\/seo\/ -->\n<title>Pol\u00edtica de Privacidade - HST<\/title>\n<meta name=\"robots\" content=\"index, follow, max-snippet:-1, max-image-preview:large, max-video-preview:-1\" \/>\n<link rel=\"canonical\" href=\"https:\/\/hst.com.br\/pt-br\/politica-de-privacidade\/\" \/>\n<meta property=\"og:locale\" content=\"pt_BR\" \/>\n<meta property=\"og:type\" content=\"article\" \/>\n<meta property=\"og:title\" content=\"Pol\u00edtica de Privacidade - HST\" \/>\n<meta property=\"og:description\" content=\"Armazenamento de dados e cookies Introdu\u00e7\u00e3o Com o consentimento do usu\u00e1rio que estiver acessando as informa\u00e7\u00f5es no site da HST, e de acordo com nossas pol\u00edticas de privacidade, coletamos dados pessoais destes usu\u00e1rios atrav\u00e9s dos formul\u00e1rios que s\u00e3o preenchidos no site. Os dados pedidos pela HST t\u00eam o objetivo de conhecer novos parceiros de neg\u00f3cio &hellip; Continued\" \/>\n<meta property=\"og:url\" content=\"https:\/\/hst.com.br\/pt-br\/politica-de-privacidade\/\" \/>\n<meta property=\"og:site_name\" content=\"HST\" \/>\n<meta property=\"article:modified_time\" content=\"2025-01-24T19:29:10+00:00\" \/>\n<meta name=\"twitter:card\" content=\"summary_large_image\" \/>\n<meta name=\"twitter:label1\" content=\"Est. reading time\" \/>\n\t<meta name=\"twitter:data1\" content=\"7 minutes\" \/>\n<script type=\"application\/ld+json\" class=\"yoast-schema-graph\">{\"@context\":\"https:\/\/schema.org\",\"@graph\":[{\"@type\":\"WebPage\",\"@id\":\"https:\/\/hst.com.br\/pt-br\/politica-de-privacidade\/\",\"url\":\"https:\/\/hst.com.br\/pt-br\/politica-de-privacidade\/\",\"name\":\"Pol\u00edtica de Privacidade - HST\",\"isPartOf\":{\"@id\":\"https:\/\/hst.com.br\/#website\"},\"datePublished\":\"2024-09-17T19:06:12+00:00\",\"dateModified\":\"2025-01-24T19:29:10+00:00\",\"breadcrumb\":{\"@id\":\"https:\/\/hst.com.br\/pt-br\/politica-de-privacidade\/#breadcrumb\"},\"inLanguage\":\"pt-BR\",\"potentialAction\":[{\"@type\":\"ReadAction\",\"target\":[\"https:\/\/hst.com.br\/pt-br\/politica-de-privacidade\/\"]}]},{\"@type\":\"BreadcrumbList\",\"@id\":\"https:\/\/hst.com.br\/pt-br\/politica-de-privacidade\/#breadcrumb\",\"itemListElement\":[{\"@type\":\"ListItem\",\"position\":1,\"name\":\"Home\",\"item\":\"https:\/\/hst.com.br\/pt-br\/\"},{\"@type\":\"ListItem\",\"position\":2,\"name\":\"Pol\u00edtica de Privacidade\"}]},{\"@type\":\"WebSite\",\"@id\":\"https:\/\/hst.com.br\/#website\",\"url\":\"https:\/\/hst.com.br\/\",\"name\":\"HST\",\"description\":\"\",\"potentialAction\":[{\"@type\":\"SearchAction\",\"target\":{\"@type\":\"EntryPoint\",\"urlTemplate\":\"https:\/\/hst.com.br\/?s={search_term_string}\"},\"query-input\":{\"@type\":\"PropertyValueSpecification\",\"valueRequired\":true,\"valueName\":\"search_term_string\"}}],\"inLanguage\":\"pt-BR\"}]}<\/script>\n<!-- \/ Yoast SEO plugin. -->","yoast_head_json":{"title":"Pol\u00edtica de Privacidade - HST","robots":{"index":"index","follow":"follow","max-snippet":"max-snippet:-1","max-image-preview":"max-image-preview:large","max-video-preview":"max-video-preview:-1"},"canonical":"https:\/\/hst.com.br\/pt-br\/politica-de-privacidade\/","og_locale":"pt_BR","og_type":"article","og_title":"Pol\u00edtica de Privacidade - HST","og_description":"Armazenamento de dados e cookies Introdu\u00e7\u00e3o Com o consentimento do usu\u00e1rio que estiver acessando as informa\u00e7\u00f5es no site da HST, e de acordo com nossas pol\u00edticas de privacidade, coletamos dados pessoais destes usu\u00e1rios atrav\u00e9s dos formul\u00e1rios que s\u00e3o preenchidos no site. Os dados pedidos pela HST t\u00eam o objetivo de conhecer novos parceiros de neg\u00f3cio &hellip; Continued","og_url":"https:\/\/hst.com.br\/pt-br\/politica-de-privacidade\/","og_site_name":"HST","article_modified_time":"2025-01-24T19:29:10+00:00","twitter_card":"summary_large_image","twitter_misc":{"Est. reading time":"7 minutes"},"schema":{"@context":"https:\/\/schema.org","@graph":[{"@type":"WebPage","@id":"https:\/\/hst.com.br\/pt-br\/politica-de-privacidade\/","url":"https:\/\/hst.com.br\/pt-br\/politica-de-privacidade\/","name":"Pol\u00edtica de Privacidade - HST","isPartOf":{"@id":"https:\/\/hst.com.br\/#website"},"datePublished":"2024-09-17T19:06:12+00:00","dateModified":"2025-01-24T19:29:10+00:00","breadcrumb":{"@id":"https:\/\/hst.com.br\/pt-br\/politica-de-privacidade\/#breadcrumb"},"inLanguage":"pt-BR","potentialAction":[{"@type":"ReadAction","target":["https:\/\/hst.com.br\/pt-br\/politica-de-privacidade\/"]}]},{"@type":"BreadcrumbList","@id":"https:\/\/hst.com.br\/pt-br\/politica-de-privacidade\/#breadcrumb","itemListElement":[{"@type":"ListItem","position":1,"name":"Home","item":"https:\/\/hst.com.br\/pt-br\/"},{"@type":"ListItem","position":2,"name":"Pol\u00edtica de Privacidade"}]},{"@type":"WebSite","@id":"https:\/\/hst.com.br\/#website","url":"https:\/\/hst.com.br\/","name":"HST","description":"","potentialAction":[{"@type":"SearchAction","target":{"@type":"EntryPoint","urlTemplate":"https:\/\/hst.com.br\/?s={search_term_string}"},"query-input":{"@type":"PropertyValueSpecification","valueRequired":true,"valueName":"search_term_string"}}],"inLanguage":"pt-BR"}]}},"_links":{"self":[{"href":"https:\/\/hst.com.br\/pt-br\/wp-json\/wp\/v2\/pages\/3065","targetHints":{"allow":["GET"]}}],"collection":[{"href":"https:\/\/hst.com.br\/pt-br\/wp-json\/wp\/v2\/pages"}],"about":[{"href":"https:\/\/hst.com.br\/pt-br\/wp-json\/wp\/v2\/types\/page"}],"author":[{"embeddable":true,"href":"https:\/\/hst.com.br\/pt-br\/wp-json\/wp\/v2\/users\/2"}],"replies":[{"embeddable":true,"href":"https:\/\/hst.com.br\/pt-br\/wp-json\/wp\/v2\/comments?post=3065"}],"version-history":[{"count":4,"href":"https:\/\/hst.com.br\/pt-br\/wp-json\/wp\/v2\/pages\/3065\/revisions"}],"predecessor-version":[{"id":3745,"href":"https:\/\/hst.com.br\/pt-br\/wp-json\/wp\/v2\/pages\/3065\/revisions\/3745"}],"wp:attachment":[{"href":"https:\/\/hst.com.br\/pt-br\/wp-json\/wp\/v2\/media?parent=3065"}],"curies":[{"name":"wp","href":"https:\/\/api.w.org\/{rel}","templated":true}]}}