{"id":577,"date":"2023-03-19T11:59:57","date_gmt":"2023-03-19T14:59:57","guid":{"rendered":"http:\/\/hst-new.lndo.site:8000\/inovacao-em-pagamentos-digitais\/"},"modified":"2024-12-11T14:18:20","modified_gmt":"2024-12-11T17:18:20","slug":"tokenizacao-de-cartao","status":"publish","type":"page","link":"https:\/\/hst.com.br\/pt-br\/tokenizacao-de-cartao\/","title":{"rendered":"Tokeniza\u00e7\u00e3o de cart\u00e3o para Institui\u00e7\u00f5es Financeiras e Varejistas"},"content":{"rendered":"\n<p><\/p>\n\n\n\n<p><\/p>\n\n\n\n<p><\/p>\n\n\n\n<p><\/p>\n","protected":false},"excerpt":{"rendered":"","protected":false},"author":1,"featured_media":0,"parent":0,"menu_order":0,"comment_status":"closed","ping_status":"closed","template":"tokenization-master.blade.php","meta":{"_acf_changed":false,"inline_featured_image":false,"footnotes":""},"class_list":["post-577","page","type-page","status-publish","hentry"],"acf":[],"yoast_head":"<!-- This site is optimized with the Yoast SEO plugin v23.9 - https:\/\/yoast.com\/wordpress\/plugins\/seo\/ -->\n<title>Tokeniza\u00e7\u00e3o de Cart\u00e3o - Inova\u00e7\u00e3o em Pagamentos - HST<\/title>\n<meta name=\"description\" content=\"A Tokeniza\u00e7\u00e3o de Cart\u00e3o \u00e9 a chave para o futuro dos pagamentos digitais, pois permite que eles sejam mais seguros, simples e r\u00e1pidos.\" \/>\n<meta name=\"robots\" content=\"index, follow, max-snippet:-1, max-image-preview:large, max-video-preview:-1\" \/>\n<link rel=\"canonical\" href=\"https:\/\/hst.com.br\/pt-br\/tokenizacao-de-cartao\/\" \/>\n<meta property=\"og:locale\" content=\"pt_BR\" \/>\n<meta property=\"og:type\" content=\"article\" \/>\n<meta property=\"og:title\" content=\"Tokeniza\u00e7\u00e3o de Cart\u00e3o - Inova\u00e7\u00e3o em Pagamentos - HST\" \/>\n<meta property=\"og:description\" content=\"A Tokeniza\u00e7\u00e3o de Cart\u00e3o \u00e9 a chave para o futuro dos pagamentos digitais, pois permite que eles sejam mais seguros, simples e r\u00e1pidos.\" \/>\n<meta property=\"og:url\" content=\"https:\/\/hst.com.br\/pt-br\/tokenizacao-de-cartao\/\" \/>\n<meta property=\"og:site_name\" content=\"HST\" \/>\n<meta property=\"article:modified_time\" content=\"2024-12-11T17:18:20+00:00\" \/>\n<meta name=\"twitter:card\" content=\"summary_large_image\" \/>\n<script type=\"application\/ld+json\" class=\"yoast-schema-graph\">{\"@context\":\"https:\/\/schema.org\",\"@graph\":[{\"@type\":\"WebPage\",\"@id\":\"https:\/\/hst.com.br\/pt-br\/tokenizacao-de-cartao\/\",\"url\":\"https:\/\/hst.com.br\/pt-br\/tokenizacao-de-cartao\/\",\"name\":\"Tokeniza\u00e7\u00e3o de Cart\u00e3o - Inova\u00e7\u00e3o em Pagamentos - HST\",\"isPartOf\":{\"@id\":\"https:\/\/hst.com.br\/#website\"},\"datePublished\":\"2023-03-19T14:59:57+00:00\",\"dateModified\":\"2024-12-11T17:18:20+00:00\",\"description\":\"A Tokeniza\u00e7\u00e3o de Cart\u00e3o \u00e9 a chave para o futuro dos pagamentos digitais, pois permite que eles sejam mais seguros, simples e r\u00e1pidos.\",\"breadcrumb\":{\"@id\":\"https:\/\/hst.com.br\/pt-br\/tokenizacao-de-cartao\/#breadcrumb\"},\"inLanguage\":\"pt-BR\",\"potentialAction\":[{\"@type\":\"ReadAction\",\"target\":[\"https:\/\/hst.com.br\/pt-br\/tokenizacao-de-cartao\/\"]}]},{\"@type\":\"BreadcrumbList\",\"@id\":\"https:\/\/hst.com.br\/pt-br\/tokenizacao-de-cartao\/#breadcrumb\",\"itemListElement\":[{\"@type\":\"ListItem\",\"position\":1,\"name\":\"Home\",\"item\":\"https:\/\/hst.com.br\/pt-br\/\"},{\"@type\":\"ListItem\",\"position\":2,\"name\":\"Tokeniza\u00e7\u00e3o de cart\u00e3o para Institui\u00e7\u00f5es Financeiras e Varejistas\"}]},{\"@type\":\"WebSite\",\"@id\":\"https:\/\/hst.com.br\/#website\",\"url\":\"https:\/\/hst.com.br\/\",\"name\":\"HST\",\"description\":\"\",\"potentialAction\":[{\"@type\":\"SearchAction\",\"target\":{\"@type\":\"EntryPoint\",\"urlTemplate\":\"https:\/\/hst.com.br\/?s={search_term_string}\"},\"query-input\":{\"@type\":\"PropertyValueSpecification\",\"valueRequired\":true,\"valueName\":\"search_term_string\"}}],\"inLanguage\":\"pt-BR\"}]}<\/script>\n<!-- \/ Yoast SEO plugin. -->","yoast_head_json":{"title":"Tokeniza\u00e7\u00e3o de Cart\u00e3o - Inova\u00e7\u00e3o em Pagamentos - HST","description":"A Tokeniza\u00e7\u00e3o de Cart\u00e3o \u00e9 a chave para o futuro dos pagamentos digitais, pois permite que eles sejam mais seguros, simples e r\u00e1pidos.","robots":{"index":"index","follow":"follow","max-snippet":"max-snippet:-1","max-image-preview":"max-image-preview:large","max-video-preview":"max-video-preview:-1"},"canonical":"https:\/\/hst.com.br\/pt-br\/tokenizacao-de-cartao\/","og_locale":"pt_BR","og_type":"article","og_title":"Tokeniza\u00e7\u00e3o de Cart\u00e3o - Inova\u00e7\u00e3o em Pagamentos - HST","og_description":"A Tokeniza\u00e7\u00e3o de Cart\u00e3o \u00e9 a chave para o futuro dos pagamentos digitais, pois permite que eles sejam mais seguros, simples e r\u00e1pidos.","og_url":"https:\/\/hst.com.br\/pt-br\/tokenizacao-de-cartao\/","og_site_name":"HST","article_modified_time":"2024-12-11T17:18:20+00:00","twitter_card":"summary_large_image","schema":{"@context":"https:\/\/schema.org","@graph":[{"@type":"WebPage","@id":"https:\/\/hst.com.br\/pt-br\/tokenizacao-de-cartao\/","url":"https:\/\/hst.com.br\/pt-br\/tokenizacao-de-cartao\/","name":"Tokeniza\u00e7\u00e3o de Cart\u00e3o - Inova\u00e7\u00e3o em Pagamentos - HST","isPartOf":{"@id":"https:\/\/hst.com.br\/#website"},"datePublished":"2023-03-19T14:59:57+00:00","dateModified":"2024-12-11T17:18:20+00:00","description":"A Tokeniza\u00e7\u00e3o de Cart\u00e3o \u00e9 a chave para o futuro dos pagamentos digitais, pois permite que eles sejam mais seguros, simples e r\u00e1pidos.","breadcrumb":{"@id":"https:\/\/hst.com.br\/pt-br\/tokenizacao-de-cartao\/#breadcrumb"},"inLanguage":"pt-BR","potentialAction":[{"@type":"ReadAction","target":["https:\/\/hst.com.br\/pt-br\/tokenizacao-de-cartao\/"]}]},{"@type":"BreadcrumbList","@id":"https:\/\/hst.com.br\/pt-br\/tokenizacao-de-cartao\/#breadcrumb","itemListElement":[{"@type":"ListItem","position":1,"name":"Home","item":"https:\/\/hst.com.br\/pt-br\/"},{"@type":"ListItem","position":2,"name":"Tokeniza\u00e7\u00e3o de cart\u00e3o para Institui\u00e7\u00f5es Financeiras e Varejistas"}]},{"@type":"WebSite","@id":"https:\/\/hst.com.br\/#website","url":"https:\/\/hst.com.br\/","name":"HST","description":"","potentialAction":[{"@type":"SearchAction","target":{"@type":"EntryPoint","urlTemplate":"https:\/\/hst.com.br\/?s={search_term_string}"},"query-input":{"@type":"PropertyValueSpecification","valueRequired":true,"valueName":"search_term_string"}}],"inLanguage":"pt-BR"}]}},"_links":{"self":[{"href":"https:\/\/hst.com.br\/pt-br\/wp-json\/wp\/v2\/pages\/577","targetHints":{"allow":["GET"]}}],"collection":[{"href":"https:\/\/hst.com.br\/pt-br\/wp-json\/wp\/v2\/pages"}],"about":[{"href":"https:\/\/hst.com.br\/pt-br\/wp-json\/wp\/v2\/types\/page"}],"author":[{"embeddable":true,"href":"https:\/\/hst.com.br\/pt-br\/wp-json\/wp\/v2\/users\/1"}],"replies":[{"embeddable":true,"href":"https:\/\/hst.com.br\/pt-br\/wp-json\/wp\/v2\/comments?post=577"}],"version-history":[{"count":30,"href":"https:\/\/hst.com.br\/pt-br\/wp-json\/wp\/v2\/pages\/577\/revisions"}],"predecessor-version":[{"id":3004,"href":"https:\/\/hst.com.br\/pt-br\/wp-json\/wp\/v2\/pages\/577\/revisions\/3004"}],"wp:attachment":[{"href":"https:\/\/hst.com.br\/pt-br\/wp-json\/wp\/v2\/media?parent=577"}],"curies":[{"name":"wp","href":"https:\/\/api.w.org\/{rel}","templated":true}]}}